{"id":109,"date":"2023-06-26T04:05:33","date_gmt":"2023-06-26T04:05:33","guid":{"rendered":"https:\/\/truesmilecenter.com\/?page_id=109"},"modified":"2023-06-26T04:09:16","modified_gmt":"2023-06-26T04:09:16","slug":"patologia-oral","status":"publish","type":"page","link":"https:\/\/truesmilecenter.com\/en\/patologia-oral\/","title":{"rendered":"Oral Pathology"},"content":{"rendered":"<p>[et_pb_section fb_built=\u00bb1&#8243; _builder_version=\u00bb4.18.0&#8243; _module_preset=\u00bbdefault\u00bb global_colors_info=\u00bb{}\u00bb theme_builder_area=\u00bbpost_content\u00bb][et_pb_row column_structure=\u00bb1_2,1_2&#8243; _builder_version=\u00bb4.18.0&#8243; _module_preset=\u00bbdefault\u00bb global_colors_info=\u00bb{}\u00bb theme_builder_area=\u00bbpost_content\u00bb][et_pb_column type=\u00bb1_2&#8243; _builder_version=\u00bb4.18.0&#8243; _module_preset=\u00bbdefault\u00bb global_colors_info=\u00bb{}\u00bb theme_builder_area=\u00bbpost_content\u00bb][et_pb_image src=\u00bbhttps:\/\/truesmilecenter.com\/wp-content\/uploads\/2023\/06\/FOTO-1-1-scaled-1.jpg\u00bb title_text=\u00bbFOTO 1 (1)\u00bb _builder_version=\u00bb4.18.0&#8243; _module_preset=\u00bbdefault\u00bb global_colors_info=\u00bb{}\u00bb theme_builder_area=\u00bbpost_content\u00bb][\/et_pb_image][\/et_pb_column][et_pb_column type=\u00bb1_2&#8243; _builder_version=\u00bb4.18.0&#8243; _module_preset=\u00bbdefault\u00bb global_colors_info=\u00bb{}\u00bb theme_builder_area=\u00bbpost_content\u00bb][et_pb_text _builder_version=\u00bb4.18.0&#8243; _module_preset=\u00bbdefault\u00bb global_colors_info=\u00bb{}\u00bb theme_builder_area=\u00bbpost_content\u00bb]<\/p>\n<h3><strong>Oral pathology<\/strong><\/h3>\n<p>Oral or oral pathology is responsible for the identification and treatment of alterations and diseases located in the oral cavity, maxilla, jaw and dental organs (understanding all the structures that make it up), as well as the relationships they have with systemic problems.<br \/>Because it is so closely related to Dentistry and is a branch of Pathology, after clinical analysis it uses diagnostic tools such as x-rays, biopsy, staining with microscope analysis, computed axial tomography and laboratory studies.<\/p>\n<h3><strong>IMPORTANCE OF ORAL PATHOLOGY<\/strong><\/h3>\n<p>Anomalies such as nodules, cysts and irritations are also reasons for visiting an oral pathologist. Lesions of the oral mucosa can present as viral and fungal infections, to name a few, in some cases leading to cancer.<\/p>\n<p>It is important to mention that many underlying pathologies (high blood pressure, diabetes, etc.) can have consequences in the oral cavity and this is when it is important to be able to carry out an evaluation with an oral pathologist in order to adequately manage each pathology.<\/p>\n<p>[\/et_pb_text][\/et_pb_column][\/et_pb_row][\/et_pb_section]<\/p>","protected":false},"excerpt":{"rendered":"<p>Patolog\u00eda bucal La patolog\u00eda bucal u oral se encarga de la identificaci\u00f3n y tratamiento de las alteraciones y enfermedades localizadas en la cavidad oral, maxilar, mand\u00edbula y \u00f3rganos dentarios (comprendiendo todas las estructuras que lo conforman), as\u00ed como las relaciones que estas guardan con problemas sist\u00e9micos.Por estar tan \u00edntimamente relacionada con la Odontolog\u00eda y ser [&hellip;]<\/p>","protected":false},"author":2,"featured_media":0,"parent":0,"menu_order":0,"comment_status":"closed","ping_status":"closed","template":"","meta":{"_et_pb_use_builder":"on","_et_pb_old_content":"<!-- wp:divi\/placeholder \/-->","_et_gb_content_width":"","footnotes":""},"class_list":["post-109","page","type-page","status-publish","hentry"],"_links":{"self":[{"href":"https:\/\/truesmilecenter.com\/en\/wp-json\/wp\/v2\/pages\/109","targetHints":{"allow":["GET"]}}],"collection":[{"href":"https:\/\/truesmilecenter.com\/en\/wp-json\/wp\/v2\/pages"}],"about":[{"href":"https:\/\/truesmilecenter.com\/en\/wp-json\/wp\/v2\/types\/page"}],"author":[{"embeddable":true,"href":"https:\/\/truesmilecenter.com\/en\/wp-json\/wp\/v2\/users\/2"}],"replies":[{"embeddable":true,"href":"https:\/\/truesmilecenter.com\/en\/wp-json\/wp\/v2\/comments?post=109"}],"version-history":[{"count":3,"href":"https:\/\/truesmilecenter.com\/en\/wp-json\/wp\/v2\/pages\/109\/revisions"}],"predecessor-version":[{"id":132,"href":"https:\/\/truesmilecenter.com\/en\/wp-json\/wp\/v2\/pages\/109\/revisions\/132"}],"wp:attachment":[{"href":"https:\/\/truesmilecenter.com\/en\/wp-json\/wp\/v2\/media?parent=109"}],"curies":[{"name":"wp","href":"https:\/\/api.w.org\/{rel}","templated":true}]}}