{"id":110,"date":"2023-06-26T04:05:44","date_gmt":"2023-06-26T04:05:44","guid":{"rendered":"https:\/\/truesmilecenter.com\/?page_id=110"},"modified":"2023-06-26T04:09:21","modified_gmt":"2023-06-26T04:09:21","slug":"odontopediatria","status":"publish","type":"page","link":"https:\/\/truesmilecenter.com\/en\/odontopediatria\/","title":{"rendered":"Pediatric dentistry"},"content":{"rendered":"<p>[et_pb_section fb_built=\u00bb1&#8243; _builder_version=\u00bb4.18.0&#8243; _module_preset=\u00bbdefault\u00bb global_colors_info=\u00bb{}\u00bb theme_builder_area=\u00bbpost_content\u00bb][et_pb_row column_structure=\u00bb1_2,1_2&#8243; _builder_version=\u00bb4.18.0&#8243; _module_preset=\u00bbdefault\u00bb global_colors_info=\u00bb{}\u00bb theme_builder_area=\u00bbpost_content\u00bb][et_pb_column type=\u00bb1_2&#8243; _builder_version=\u00bb4.18.0&#8243; _module_preset=\u00bbdefault\u00bb global_colors_info=\u00bb{}\u00bb theme_builder_area=\u00bbpost_content\u00bb][et_pb_text _builder_version=\u00bb4.18.0&#8243; _module_preset=\u00bbdefault\u00bb global_colors_info=\u00bb{}\u00bb theme_builder_area=\u00bbpost_content\u00bb]<\/p>\n<p><span style=\"font-weight: 400;\">Pediatric dentistry is the specialty of dentistry that is responsible for the prevention and promotion of oral health, diagnosis and treatment of children, adolescents and newborns; from earliest childhood to the end of growth.<\/span><\/p>\n<p>&nbsp;<\/p>\n<p><span style=\"font-weight: 400;\">A Pediatric Dentist is a dentist who is an expert in children's dentistry, who, in addition to having all the medical tools, has the qualities and skills to know how to deal with a child, gain their trust and make their visit to the dentist a comfortable, playful and pleasant experience. .<\/span><\/p>\n<p>&nbsp;<\/p>\n<p><span style=\"font-weight: 400;\">When is it necessary to take the child to the dentist for the first time?<\/span><\/p>\n<p><span style=\"font-weight: 400;\">The earlier the visit to the dentist, the better it will be. We recommend that from 6 months onwards the child should be taken to the dentist for a first check-up, even before the first baby tooth has emerged, to check the condition of the gums and give hygiene talks to the parents for prevention of oral diseases that affect deciduous and permanent teeth.<\/span><\/p>\n<p>&nbsp;<\/p>\n<p>[\/et_pb_text][\/et_pb_column][et_pb_column type=\u00bb1_2&#8243; _builder_version=\u00bb4.18.0&#8243; _module_preset=\u00bbdefault\u00bb global_colors_info=\u00bb{}\u00bb theme_builder_area=\u00bbpost_content\u00bb][et_pb_image src=\u00bbhttps:\/\/truesmilecenter.com\/wp-content\/uploads\/2023\/06\/foto-2-1.jpg\u00bb title_text=\u00bbfoto 2 (1)\u00bb _builder_version=\u00bb4.18.0&#8243; _module_preset=\u00bbdefault\u00bb global_colors_info=\u00bb{}\u00bb theme_builder_area=\u00bbpost_content\u00bb][\/et_pb_image][\/et_pb_column][\/et_pb_row][\/et_pb_section]<\/p>","protected":false},"excerpt":{"rendered":"<p>La odontopediatr\u00eda es la especialidad de la odontolog\u00eda que se encarga de la prevenci\u00f3n y promoci\u00f3n de la salud bucal, diagn\u00f3stico y tratamiento de ni\u00f1os, adolescentes y reci\u00e9n nacidos; desde la infancia m\u00e1s temprana hasta finalizar el crecimiento. &nbsp; Un Odontopediatra es un dentista experto en odontolog\u00eda infantil, quien adem\u00e1s de contar con todas las [&hellip;]<\/p>","protected":false},"author":2,"featured_media":0,"parent":0,"menu_order":0,"comment_status":"closed","ping_status":"closed","template":"","meta":{"_et_pb_use_builder":"on","_et_pb_old_content":"<!-- wp:divi\/placeholder \/-->","_et_gb_content_width":"","footnotes":""},"class_list":["post-110","page","type-page","status-publish","hentry"],"_links":{"self":[{"href":"https:\/\/truesmilecenter.com\/en\/wp-json\/wp\/v2\/pages\/110","targetHints":{"allow":["GET"]}}],"collection":[{"href":"https:\/\/truesmilecenter.com\/en\/wp-json\/wp\/v2\/pages"}],"about":[{"href":"https:\/\/truesmilecenter.com\/en\/wp-json\/wp\/v2\/types\/page"}],"author":[{"embeddable":true,"href":"https:\/\/truesmilecenter.com\/en\/wp-json\/wp\/v2\/users\/2"}],"replies":[{"embeddable":true,"href":"https:\/\/truesmilecenter.com\/en\/wp-json\/wp\/v2\/comments?post=110"}],"version-history":[{"count":3,"href":"https:\/\/truesmilecenter.com\/en\/wp-json\/wp\/v2\/pages\/110\/revisions"}],"predecessor-version":[{"id":135,"href":"https:\/\/truesmilecenter.com\/en\/wp-json\/wp\/v2\/pages\/110\/revisions\/135"}],"wp:attachment":[{"href":"https:\/\/truesmilecenter.com\/en\/wp-json\/wp\/v2\/media?parent=110"}],"curies":[{"name":"wp","href":"https:\/\/api.w.org\/{rel}","templated":true}]}}