{"id":112,"date":"2023-06-26T04:06:37","date_gmt":"2023-06-26T04:06:37","guid":{"rendered":"https:\/\/truesmilecenter.com\/?page_id=112"},"modified":"2023-06-26T04:09:35","modified_gmt":"2023-06-26T04:09:35","slug":"medicina-bucal-y-maxilofacial","status":"publish","type":"page","link":"https:\/\/truesmilecenter.com\/en\/medicina-bucal-y-maxilofacial\/","title":{"rendered":"Oral and Maxillofacial Medicine"},"content":{"rendered":"<p>[et_pb_section fb_built=\u00bb1&#8243; _builder_version=\u00bb4.18.0&#8243; _module_preset=\u00bbdefault\u00bb global_colors_info=\u00bb{}\u00bb theme_builder_area=\u00bbpost_content\u00bb][et_pb_row _builder_version=\u00bb4.18.0&#8243; _module_preset=\u00bbdefault\u00bb global_colors_info=\u00bb{}\u00bb theme_builder_area=\u00bbpost_content\u00bb][et_pb_column type=\u00bb4_4&#8243; _builder_version=\u00bb4.18.0&#8243; _module_preset=\u00bbdefault\u00bb global_colors_info=\u00bb{}\u00bb theme_builder_area=\u00bbpost_content\u00bb][et_pb_text _builder_version=\u00bb4.18.0&#8243; _module_preset=\u00bbdefault\u00bb global_colors_info=\u00bb{}\u00bb theme_builder_area=\u00bbpost_content\u00bb]<\/p>\n<h1><strong><span>Oral and maxillofacial medicine.<\/span><\/strong><\/h1>\n<p><span>Nowadays, oral medicine has come to complement and close the gap we had between general medicine and dentistry.<\/span><\/p>\n<p><span>Oral medicine is the specialty that is responsible for the diagnosis and treatment of pathologies that originate in the oral cavity, or systemic diseases (from other parts of the body) that manifest in the oral cavity and affect its structures (cancer, Lupus , Diabetes etc.)<\/span><\/p>\n<p><strong>TRUE SMILE CENTER It is the first oral and maxillofacial medicine center<\/strong><span>; <strong>El objetivo<\/strong> The main objective of TRUE SMILE CENTER is to be able to integrate medicine with dentistry and thus be able to address the different pathologies that occur in the oral cavity from a systemic perspective.<\/span><\/p>\n<p><span>Many times we go to the dentist with pathologies such as Cancer, Diabetes, Lupus Etc. and we do not know which is the correct route for our dental treatments.<\/span><\/p>\n<p><span>TSC has professionals with all the knowledge that makes them capable of helping you restore your oral health in a comprehensive and functional way.<\/span><\/p>\n<p>[\/et_pb_text][\/et_pb_column][\/et_pb_row][et_pb_row _builder_version=\u00bb4.18.0&#8243; _module_preset=\u00bbdefault\u00bb global_colors_info=\u00bb{}\u00bb theme_builder_area=\u00bbpost_content\u00bb][et_pb_column type=\u00bb4_4&#8243; _builder_version=\u00bb4.18.0&#8243; _module_preset=\u00bbdefault\u00bb global_colors_info=\u00bb{}\u00bb theme_builder_area=\u00bbpost_content\u00bb][et_pb_image src=\u00bbhttps:\/\/truesmilecenter.com\/wp-content\/uploads\/2023\/06\/MAXILOFACIAL-scaled-1.jpg\u00bb title_text=\u00bbMAXILOFACIAL\u00bb _builder_version=\u00bb4.18.0&#8243; _module_preset=\u00bbdefault\u00bb global_colors_info=\u00bb{}\u00bb theme_builder_area=\u00bbpost_content\u00bb][\/et_pb_image][\/et_pb_column][\/et_pb_row][\/et_pb_section]<\/p>","protected":false},"excerpt":{"rendered":"<p>Medicina bucal y maxilofacial. En la actualidad la medicina oral ha venido a complementar y a cerrar la brecha que ten\u00edamos entre medicina general y odontolog\u00eda. La medicina oral es la especialidad que se encarga del diagn\u00f3stico y tratamiento de las patolog\u00edas que tienen origen en la cavidad oral, o enfermedades sist\u00e9micas (de otras partes [&hellip;]<\/p>","protected":false},"author":2,"featured_media":0,"parent":0,"menu_order":0,"comment_status":"closed","ping_status":"closed","template":"","meta":{"_et_pb_use_builder":"on","_et_pb_old_content":"<!-- wp:divi\/placeholder \/-->","_et_gb_content_width":"","footnotes":""},"class_list":["post-112","page","type-page","status-publish","hentry"],"_links":{"self":[{"href":"https:\/\/truesmilecenter.com\/en\/wp-json\/wp\/v2\/pages\/112","targetHints":{"allow":["GET"]}}],"collection":[{"href":"https:\/\/truesmilecenter.com\/en\/wp-json\/wp\/v2\/pages"}],"about":[{"href":"https:\/\/truesmilecenter.com\/en\/wp-json\/wp\/v2\/types\/page"}],"author":[{"embeddable":true,"href":"https:\/\/truesmilecenter.com\/en\/wp-json\/wp\/v2\/users\/2"}],"replies":[{"embeddable":true,"href":"https:\/\/truesmilecenter.com\/en\/wp-json\/wp\/v2\/comments?post=112"}],"version-history":[{"count":3,"href":"https:\/\/truesmilecenter.com\/en\/wp-json\/wp\/v2\/pages\/112\/revisions"}],"predecessor-version":[{"id":137,"href":"https:\/\/truesmilecenter.com\/en\/wp-json\/wp\/v2\/pages\/112\/revisions\/137"}],"wp:attachment":[{"href":"https:\/\/truesmilecenter.com\/en\/wp-json\/wp\/v2\/media?parent=112"}],"curies":[{"name":"wp","href":"https:\/\/api.w.org\/{rel}","templated":true}]}}