{"id":113,"date":"2023-06-26T04:07:04","date_gmt":"2023-06-26T04:07:04","guid":{"rendered":"https:\/\/truesmilecenter.com\/?page_id=113"},"modified":"2023-06-26T04:09:52","modified_gmt":"2023-06-26T04:09:52","slug":"odontologia-bajo-sedacion","status":"publish","type":"page","link":"https:\/\/truesmilecenter.com\/en\/odontologia-bajo-sedacion\/","title":{"rendered":"Dentistry under sedation"},"content":{"rendered":"<p>[et_pb_section fb_built=\u00bb1&#8243; admin_label=\u00bbsection\u00bb _builder_version=\u00bb4.16&#8243; global_colors_info=\u00bb{}\u00bb theme_builder_area=\u00bbpost_content\u00bb][et_pb_row _builder_version=\u00bb4.18.0&#8243; _module_preset=\u00bbdefault\u00bb global_colors_info=\u00bb{}\u00bb theme_builder_area=\u00bbpost_content\u00bb][et_pb_column type=\u00bb4_4&#8243; _builder_version=\u00bb4.18.0&#8243; _module_preset=\u00bbdefault\u00bb global_colors_info=\u00bb{}\u00bb theme_builder_area=\u00bbpost_content\u00bb][et_pb_text _builder_version=\u00bb4.18.0&#8243; _module_preset=\u00bbdefault\u00bb global_colors_info=\u00bb{}\u00bb theme_builder_area=\u00bbpost_content\u00bb]<\/p>\n<h1><strong><span>Dentistry under sedation<\/span><\/strong><\/h1>\n<p><span>Sedation dentistry is your best option if what you want is to simply relax and forget about the stress that your dental visit could cause you.<\/span><\/p>\n<p><span>We can perform any dental treatment under any type of sedation.<\/span><\/p>\n<p><span>We have 3 options<\/span><strong style=\"font-size: 14px;\"><\/strong><\/p>\n<ul><\/ul>\n<p>[\/et_pb_text][\/et_pb_column][\/et_pb_row][et_pb_row _builder_version=\u00bb4.18.0&#8243; _module_preset=\u00bbdefault\u00bb custom_margin=\u00bb-10px|auto||auto||\u00bb custom_padding=\u00bb8px|||||\u00bb global_colors_info=\u00bb{}\u00bb theme_builder_area=\u00bbpost_content\u00bb][et_pb_column type=\u00bb4_4&#8243; _builder_version=\u00bb4.18.0&#8243; _module_preset=\u00bbdefault\u00bb global_colors_info=\u00bb{}\u00bb theme_builder_area=\u00bbpost_content\u00bb][et_pb_text _builder_version=\u00bb4.18.0&#8243; _module_preset=\u00bbdefault\u00bb global_colors_info=\u00bb{}\u00bb theme_builder_area=\u00bbpost_content\u00bb]<\/p>\n<ul>\n<li><strong>Nitrous oxide sedation<\/strong>; Known as \u201claughing gas\u201d it combines with oxygen. <span>With it the patient is awake and responds to any type of order or question asked. The gas typically produces pleasurable sensations that can help the patient relax. <\/span><\/li>\n<\/ul>\n<p>It can be performed on children from 3 years old as long as the patient COLLABORATES AND AGREES TO HAVE A NASAL MASK ON THEIR NOSE.<\/p>\n<p>[\/et_pb_text][et_pb_image src=\u00bbhttps:\/\/truesmilecenter.com\/wp-content\/uploads\/2023\/06\/ODONTOLOGIA-BAJO-SEDACION.jpg\u00bb title_text=\u00bbODONTOLOGIA BAJO SEDACION\u00bb _builder_version=\u00bb4.18.0&#8243; _module_preset=\u00bbdefault\u00bb global_colors_info=\u00bb{}\u00bb theme_builder_area=\u00bbpost_content\u00bb][\/et_pb_image][et_pb_text _builder_version=\u00bb4.18.0&#8243; _module_preset=\u00bbdefault\u00bb global_colors_info=\u00bb{}\u00bb theme_builder_area=\u00bbpost_content\u00bb]<\/p>\n<ul>\n<li><strong><span>Intravenous Sedation<\/span><\/strong> performed by a SPECIALIST IN ANESTHESIOLOGY. This consists of the administration of medication that induces a state of drowsiness that allows a diagnostic\/therapeutic procedure to be carried out and for the patient to tolerate it while maintaining cardiorespiratory function. No <span>You will remember nothing about the treatment.<\/span><\/li>\n<\/ul>\n<p>[\/et_pb_text][et_pb_text _builder_version=\u00bb4.18.0&#8243; _module_preset=\u00bbdefault\u00bb global_colors_info=\u00bb{}\u00bb theme_builder_area=\u00bbpost_content\u00bb]<\/p>\n<ul>\n<li>\n<p>\u00a0<strong style=\"font-size: 14px;\">General anesthesia.<\/strong><span style=\"font-size: 14px;\"> Made by a SPECIALIST IN <\/span><span style=\"font-size: 14px;\">ANESTHESIOLOGY. It is a combination of medications that put you in a sleep-like state before a surgery or other medical procedure.<\/span><\/p>\n<p>With general anesthesia, you feel absolutely nothing because you are completely unconscious. Generally, general anesthesia uses a combination of intravenous drugs and inhaled gases (anesthetics).<\/p>\n<\/li>\n<\/ul>\n<p>[\/et_pb_text][et_pb_image src=\u00bbhttps:\/\/truesmilecenter.com\/wp-content\/uploads\/2023\/06\/ANESTESIA-scaled-1.jpg\u00bb title_text=\u00bbANESTESIA\u00bb _builder_version=\u00bb4.18.0&#8243; _module_preset=\u00bbdefault\u00bb global_colors_info=\u00bb{}\u00bb theme_builder_area=\u00bbpost_content\u00bb][\/et_pb_image][\/et_pb_column][\/et_pb_row][\/et_pb_section]<\/p>","protected":false},"excerpt":{"rendered":"<p>Odontolog\u00eda bajo sedaci\u00f3n La odontolog\u00eda bajo sedaci\u00f3n es tu mejor opci\u00f3n si lo que quieres es simplemente relajarte y olvidarte del estr\u00e9s que podr\u00eda causarte tu consulta odontol\u00f3gica. Podemos realizar cualquier tratamiento odontol\u00f3gico bajo cualquier tipo de sedaci\u00f3n. Tenemos 3 opciones Sedaci\u00f3n con \u00f3xido nitroso; conocido como el \u201cgas de la risa\u201d se combina con [&hellip;]<\/p>","protected":false},"author":2,"featured_media":0,"parent":0,"menu_order":0,"comment_status":"closed","ping_status":"closed","template":"","meta":{"_et_pb_use_builder":"on","_et_pb_old_content":"<!-- wp:divi\/placeholder \/-->","_et_gb_content_width":"","footnotes":""},"class_list":["post-113","page","type-page","status-publish","hentry"],"_links":{"self":[{"href":"https:\/\/truesmilecenter.com\/en\/wp-json\/wp\/v2\/pages\/113","targetHints":{"allow":["GET"]}}],"collection":[{"href":"https:\/\/truesmilecenter.com\/en\/wp-json\/wp\/v2\/pages"}],"about":[{"href":"https:\/\/truesmilecenter.com\/en\/wp-json\/wp\/v2\/types\/page"}],"author":[{"embeddable":true,"href":"https:\/\/truesmilecenter.com\/en\/wp-json\/wp\/v2\/users\/2"}],"replies":[{"embeddable":true,"href":"https:\/\/truesmilecenter.com\/en\/wp-json\/wp\/v2\/comments?post=113"}],"version-history":[{"count":3,"href":"https:\/\/truesmilecenter.com\/en\/wp-json\/wp\/v2\/pages\/113\/revisions"}],"predecessor-version":[{"id":139,"href":"https:\/\/truesmilecenter.com\/en\/wp-json\/wp\/v2\/pages\/113\/revisions\/139"}],"wp:attachment":[{"href":"https:\/\/truesmilecenter.com\/en\/wp-json\/wp\/v2\/media?parent=113"}],"curies":[{"name":"wp","href":"https:\/\/api.w.org\/{rel}","templated":true}]}}