{"id":114,"date":"2023-06-26T04:06:47","date_gmt":"2023-06-26T04:06:47","guid":{"rendered":"https:\/\/truesmilecenter.com\/?page_id=114"},"modified":"2023-06-26T04:09:44","modified_gmt":"2023-06-26T04:09:44","slug":"trastornos-de-la-articulacion-temporomandibular-atm","status":"publish","type":"page","link":"https:\/\/truesmilecenter.com\/en\/trastornos-de-la-articulacion-temporomandibular-atm\/","title":{"rendered":"Trastornos de la articulaci\u00f3n temporomandibular (ATM)"},"content":{"rendered":"<p>[et_pb_section fb_built=\u00bb1&#8243; _builder_version=\u00bb4.18.0&#8243; _module_preset=\u00bbdefault\u00bb global_colors_info=\u00bb{}\u00bb theme_builder_area=\u00bbpost_content\u00bb][et_pb_row _builder_version=\u00bb4.18.0&#8243; _module_preset=\u00bbdefault\u00bb global_colors_info=\u00bb{}\u00bb theme_builder_area=\u00bbpost_content\u00bb][et_pb_column type=\u00bb4_4&#8243; _builder_version=\u00bb4.18.0&#8243; _module_preset=\u00bbdefault\u00bb global_colors_info=\u00bb{}\u00bb theme_builder_area=\u00bbpost_content\u00bb][et_pb_text _builder_version=\u00bb4.18.0&#8243; _module_preset=\u00bbdefault\u00bb global_colors_info=\u00bb{}\u00bb theme_builder_area=\u00bbpost_content\u00bb]<\/p>\n<h1><strong><span>Temporomandibular joint (TMJ) disorders<\/span><\/strong><\/h1>\n<p><span>Currently, temporomandibular joint disorders have been increasing due to daily stress and even more so in post-pandemic times.<\/span><\/p>\n<p><span>The main objective of TRUE SMILE CENTER is to help you eliminate this condition. The treatment to reduce or completely eliminate it will depend on the clinical case of each patient.<\/span><\/p>\n<p><span>\u00a0<\/span><\/p>\n<p><span>Management of temporomandibular disorders at TRUE SMILE CENTER.<\/span><\/p>\n<ul>\n<li><strong><span>What is the temporomandibular joint?<\/span><\/strong><\/li>\n<\/ul>\n<p>The TMJ is the joint that joins the jaw to the skull. This union allows us to open and close our mouth when we speak, yawn and\/or chew.<\/p>\n<p>&nbsp;<\/p>\n<p>TMJ disorders (TMD) are pathologies that we can divide into two main groups:<\/p>\n<ol>\n<li>Intra-articular: which are those that directly affect the structures that form the joint.<\/li>\n<li>Extra-articular: these are those that affect the facial muscles, mainly the 4 muscles of chewing, and can even cause painful syndromes.<\/li>\n<\/ol>\n<p><span>These disorders can affect and cause headaches, neck pain, ear pain, facial pain, and chewing difficulties.<\/span><\/p>\n<ul><\/ul>\n<p>[\/et_pb_text][\/et_pb_column][\/et_pb_row][et_pb_row _builder_version=\u00bb4.18.0&#8243; _module_preset=\u00bbdefault\u00bb global_colors_info=\u00bb{}\u00bb theme_builder_area=\u00bbpost_content\u00bb][et_pb_column type=\u00bb4_4&#8243; _builder_version=\u00bb4.18.0&#8243; _module_preset=\u00bbdefault\u00bb global_colors_info=\u00bb{}\u00bb theme_builder_area=\u00bbpost_content\u00bb][et_pb_image src=\u00bbhttps:\/\/truesmilecenter.com\/wp-content\/uploads\/2023\/06\/ATM.jpg\u00bb title_text=\u00bbATM\u00bb _builder_version=\u00bb4.18.0&#8243; _module_preset=\u00bbdefault\u00bb global_colors_info=\u00bb{}\u00bb theme_builder_area=\u00bbpost_content\u00bb][\/et_pb_image][\/et_pb_column][\/et_pb_row][et_pb_row _builder_version=\u00bb4.18.0&#8243; _module_preset=\u00bbdefault\u00bb global_colors_info=\u00bb{}\u00bb theme_builder_area=\u00bbpost_content\u00bb][et_pb_column type=\u00bb4_4&#8243; _builder_version=\u00bb4.18.0&#8243; _module_preset=\u00bbdefault\u00bb global_colors_info=\u00bb{}\u00bb theme_builder_area=\u00bbpost_content\u00bb][et_pb_text _builder_version=\u00bb4.18.0&#8243; _module_preset=\u00bbdefault\u00bb global_colors_info=\u00bb{}\u00bb theme_builder_area=\u00bbpost_content\u00bb]<\/p>\n<p><span>What are the causes?<\/span><\/p>\n<p><span>TMD are multifactorial, so their approach must be aimed at correcting all possible causes, among which they could be,<\/span><\/p>\n<ul>\n<li>Malocclusion (bad dental position)<\/li>\n<li>Partial edentulism (missing teeth)<\/li>\n<li>Orthodontic treatments<\/li>\n<li>Arthritic diseases<\/li>\n<li>Bruxism<\/li>\n<\/ul>\n<p><span>What types of treatments exist?<\/span><\/p>\n<p><span>At TRUE SMILE CENTER we have a specialist in Maxillofacial Surgery who is the competent professional to be able to treat this type of pathology.<\/span><\/p>\n<p><span>Possible treatment options may be<\/span><\/p>\n<ul>\n<li>Splints<\/li>\n<li>muscle infiltrations<\/li>\n<li>Joint washes<\/li>\n<li>TMJ surgery<\/li>\n<li>Joint replacement<\/li>\n<\/ul>\n<p>[\/et_pb_text][\/et_pb_column][\/et_pb_row][\/et_pb_section]<\/p>","protected":false},"excerpt":{"rendered":"<p>Trastornos de la articulaci\u00f3n temporomandibular (atm) Actualmente los trastornos de la articulaci\u00f3n temporomandibular se han visto en incremento debido al estr\u00e9s diario y m\u00e1s a\u00fan en tiempos de post pandemia. El objetivo principal de TRUE SMILE CENTER es poder ayudarte a eliminar dicho padecimiento, el tratamiento para poder disminuir o eliminar por completo depender\u00e1 del [&hellip;]<\/p>","protected":false},"author":2,"featured_media":0,"parent":0,"menu_order":0,"comment_status":"closed","ping_status":"closed","template":"","meta":{"_et_pb_use_builder":"on","_et_pb_old_content":"<!-- wp:divi\/placeholder \/-->","_et_gb_content_width":"","footnotes":""},"class_list":["post-114","page","type-page","status-publish","hentry"],"_links":{"self":[{"href":"https:\/\/truesmilecenter.com\/en\/wp-json\/wp\/v2\/pages\/114","targetHints":{"allow":["GET"]}}],"collection":[{"href":"https:\/\/truesmilecenter.com\/en\/wp-json\/wp\/v2\/pages"}],"about":[{"href":"https:\/\/truesmilecenter.com\/en\/wp-json\/wp\/v2\/types\/page"}],"author":[{"embeddable":true,"href":"https:\/\/truesmilecenter.com\/en\/wp-json\/wp\/v2\/users\/2"}],"replies":[{"embeddable":true,"href":"https:\/\/truesmilecenter.com\/en\/wp-json\/wp\/v2\/comments?post=114"}],"version-history":[{"count":3,"href":"https:\/\/truesmilecenter.com\/en\/wp-json\/wp\/v2\/pages\/114\/revisions"}],"predecessor-version":[{"id":138,"href":"https:\/\/truesmilecenter.com\/en\/wp-json\/wp\/v2\/pages\/114\/revisions\/138"}],"wp:attachment":[{"href":"https:\/\/truesmilecenter.com\/en\/wp-json\/wp\/v2\/media?parent=114"}],"curies":[{"name":"wp","href":"https:\/\/api.w.org\/{rel}","templated":true}]}}