{"id":140,"date":"2023-06-26T04:12:45","date_gmt":"2023-06-26T04:12:45","guid":{"rendered":"https:\/\/truesmilecenter.com\/?page_id=140"},"modified":"2023-06-26T04:18:10","modified_gmt":"2023-06-26T04:18:10","slug":"estetica-dental","status":"publish","type":"page","link":"https:\/\/truesmilecenter.com\/en\/estetica-dental\/","title":{"rendered":"Dental Aesthetics"},"content":{"rendered":"<p>[et_pb_section fb_built=\u00bb1&#8243; _builder_version=\u00bb4.18.0&#8243; _module_preset=\u00bbdefault\u00bb global_colors_info=\u00bb{}\u00bb theme_builder_area=\u00bbpost_content\u00bb][et_pb_row _builder_version=\u00bb4.18.0&#8243; _module_preset=\u00bbdefault\u00bb global_colors_info=\u00bb{}\u00bb theme_builder_area=\u00bbpost_content\u00bb][et_pb_column type=\u00bb4_4&#8243; _builder_version=\u00bb4.18.0&#8243; _module_preset=\u00bbdefault\u00bb global_colors_info=\u00bb{}\u00bb theme_builder_area=\u00bbpost_content\u00bb][et_pb_text _builder_version=\u00bb4.18.0&#8243; _module_preset=\u00bbdefault\u00bb global_colors_info=\u00bb{}\u00bb theme_builder_area=\u00bbpost_content\u00bb]<\/p>\n<h1>Dental Aesthetics<\/h1>\n<p>When we talk about dental aesthetics we mean correcting all those small defects in your smile and the best option is to put yourself in the hands of specialists.<\/p>\n<p>[\/et_pb_text][\/et_pb_column][\/et_pb_row][et_pb_row _builder_version=\u00bb4.18.0&#8243; _module_preset=\u00bbdefault\u00bb global_colors_info=\u00bb{}\u00bb theme_builder_area=\u00bbpost_content\u00bb][et_pb_column type=\u00bb4_4&#8243; _builder_version=\u00bb4.18.0&#8243; _module_preset=\u00bbdefault\u00bb global_colors_info=\u00bb{}\u00bb theme_builder_area=\u00bbpost_content\u00bb][et_pb_image src=\u00bbhttps:\/\/truesmilecenter.com\/wp-content\/uploads\/2023\/06\/ESTETICA-DENTAL-1-scaled-1.jpg\u00bb title_text=\u00bbESTETICA DENTAL 1&#8243; align=\u00bbcenter\u00bb _builder_version=\u00bb4.18.0&#8243; _module_preset=\u00bbdefault\u00bb max_height=\u00bb442px\u00bb global_colors_info=\u00bb{}\u00bb theme_builder_area=\u00bbpost_content\u00bb][\/et_pb_image][et_pb_text _builder_version=\u00bb4.18.0&#8243; _module_preset=\u00bbdefault\u00bb global_colors_info=\u00bb{}\u00bb theme_builder_area=\u00bbpost_content\u00bb]<\/p>\n<p>In <strong>TrueSmileCenter<\/strong> We have a team of highly qualified professionals to offer you the best alternative so that you can show off a dazzling smile and regain your confidence and self-esteem.<\/p>\n<p>[\/et_pb_text][\/et_pb_column][\/et_pb_row][et_pb_row _builder_version=\u00bb4.18.0&#8243; _module_preset=\u00bbdefault\u00bb global_colors_info=\u00bb{}\u00bb theme_builder_area=\u00bbpost_content\u00bb][et_pb_column type=\u00bb4_4&#8243; _builder_version=\u00bb4.18.0&#8243; _module_preset=\u00bbdefault\u00bb global_colors_info=\u00bb{}\u00bb theme_builder_area=\u00bbpost_content\u00bb][et_pb_text _builder_version=\u00bb4.18.0&#8243; _module_preset=\u00bbdefault\u00bb global_colors_info=\u00bb{}\u00bb theme_builder_area=\u00bbpost_content\u00bb]<\/p>\n<p>A trav\u00e9s de nuestros tratamientos de est\u00e9tica dental podemos resolver problemas tales como el tono o color del esmalte dental, aumentar el tama\u00f1o del diente, eliminar desgaste o restaurar un diente despu\u00e9s de fractura de corona.<\/p>\n<ul>\n<li>Teeth Whitening or Lightening in <strong>TRUE SMILE CENTER<\/strong>.<\/li>\n<\/ul>\n<p>Our protocol for performing dental whitening is unique and special. Prior to this, we perform a general evaluation, in which we take intraoral photographs of each of your teeth and show you the current state of your oral cavity.<\/p>\n<p>[\/et_pb_text][\/et_pb_column][\/et_pb_row][et_pb_row _builder_version=\u00bb4.18.0&#8243; _module_preset=\u00bbdefault\u00bb global_colors_info=\u00bb{}\u00bb theme_builder_area=\u00bbpost_content\u00bb][et_pb_column type=\u00bb4_4&#8243; _builder_version=\u00bb4.18.0&#8243; _module_preset=\u00bbdefault\u00bb global_colors_info=\u00bb{}\u00bb theme_builder_area=\u00bbpost_content\u00bb][et_pb_text _builder_version=\u00bb4.18.0&#8243; _module_preset=\u00bbdefault\u00bb global_colors_info=\u00bb{}\u00bb theme_builder_area=\u00bbpost_content\u00bb]<\/p>\n<p>We carry out prior to placing the clarification <strong>a dental polishing<\/strong>, to remove the usual biofilm that we find on our teeth<\/p>\n<p>[\/et_pb_text][et_pb_image src=\u00bbhttps:\/\/truesmilecenter.com\/wp-content\/uploads\/2023\/06\/BLANQUEAMIENTO-DENTAL.jpg\u00bb title_text=\u00bbBLANQUEAMIENTO DENTAL\u00bb _builder_version=\u00bb4.18.0&#8243; _module_preset=\u00bbdefault\u00bb global_colors_info=\u00bb{}\u00bb theme_builder_area=\u00bbpost_content\u00bb][\/et_pb_image][\/et_pb_column][\/et_pb_row][et_pb_row _builder_version=\u00bb4.18.0&#8243; _module_preset=\u00bbdefault\u00bb global_colors_info=\u00bb{}\u00bb theme_builder_area=\u00bbpost_content\u00bb][et_pb_column type=\u00bb4_4&#8243; _builder_version=\u00bb4.18.0&#8243; _module_preset=\u00bbdefault\u00bb global_colors_info=\u00bb{}\u00bb theme_builder_area=\u00bbpost_content\u00bb][et_pb_text _builder_version=\u00bb4.18.0&#8243; _module_preset=\u00bbdefault\u00bb global_colors_info=\u00bb{}\u00bb theme_builder_area=\u00bbpost_content\u00bb]<\/p>\n<p>All our whitenings are based on 2 or up to 3 sessions until we achieve your maximum satisfaction. In most of them we are able to lighten up to two shades of the initial color of your teeth.<\/p>\n<p>Do you want a smile design?<\/p>\n<p><strong>TrueSmileCenter <\/strong>is your best option.<\/p>\n<ul>\n<li>Veneers in <strong>TRUE SMILE CENTER.<\/strong><\/li>\n<\/ul>\n<p>Veneers and\/or veneers are the best aesthetic option in some cases, through them we can achieve a highly aesthetic smile, we can also eliminate interdental spaces, cover stains and even redesign your smile to obtain a harmonious smile.<\/p>\n<p>[\/et_pb_text][\/et_pb_column][\/et_pb_row][et_pb_row _builder_version=\u00bb4.18.0&#8243; _module_preset=\u00bbdefault\u00bb global_colors_info=\u00bb{}\u00bb theme_builder_area=\u00bbpost_content\u00bb][et_pb_column type=\u00bb4_4&#8243; _builder_version=\u00bb4.18.0&#8243; _module_preset=\u00bbdefault\u00bb global_colors_info=\u00bb{}\u00bb theme_builder_area=\u00bbpost_content\u00bb][et_pb_image src=\u00bbhttps:\/\/truesmilecenter.com\/wp-content\/uploads\/2023\/06\/CARILLAS-DENTALES-scaled-1.jpg\u00bb title_text=\u00bbPerfect healthy teeth smile of a young woman. Teeth whitening. Stomatology concept.\u00bb _builder_version=\u00bb4.18.0&#8243; _module_preset=\u00bbdefault\u00bb global_colors_info=\u00bb{}\u00bb theme_builder_area=\u00bbpost_content\u00bb][\/et_pb_image][et_pb_text _builder_version=\u00bb4.18.0&#8243; _module_preset=\u00bbdefault\u00bb global_colors_info=\u00bb{}\u00bb theme_builder_area=\u00bbpost_content\u00bb]<\/p>\n<p>These are manufactured in different materials:<\/p>\n<ol>\n<li>Resin<\/li>\n<li>Lithium Disilicate<\/li>\n<li>porcelain<\/li>\n<\/ol>\n<p>[\/et_pb_text][\/et_pb_column][\/et_pb_row][et_pb_row _builder_version=\u00bb4.18.0&#8243; _module_preset=\u00bbdefault\u00bb global_colors_info=\u00bb{}\u00bb theme_builder_area=\u00bbpost_content\u00bb][et_pb_column type=\u00bb4_4&#8243; _builder_version=\u00bb4.18.0&#8243; _module_preset=\u00bbdefault\u00bb global_colors_info=\u00bb{}\u00bb theme_builder_area=\u00bbpost_content\u00bb][et_pb_text _builder_version=\u00bb4.18.0&#8243; _module_preset=\u00bbdefault\u00bb global_colors_info=\u00bb{}\u00bb theme_builder_area=\u00bbpost_content\u00bb]<\/p>\n<p>Veneers are thin sheets that are placed on the tooth surface, adjusting to them using powerful biocompatible adhesives. Porcelain or lithium disilicate veneers do not change color.<\/p>\n<ul>\n<li>Crown Lengthening at TRUE SMILE CENTER<\/li>\n<\/ul>\n<p>This is a surgical procedure through which the excess gum around the crown of the tooth is removed, resulting in the appearance of a larger dental crown and thus returning the aesthetics to your smile.<\/p>\n<p>[\/et_pb_text][et_pb_image src=\u00bbhttps:\/\/truesmilecenter.com\/wp-content\/uploads\/2023\/06\/ALARGAMIENTO-DE-CORONA-1-scaled-1.jpg\u00bb title_text=\u00bbALARGAMIENTO DE CORONA\u00bb _builder_version=\u00bb4.18.0&#8243; _module_preset=\u00bbdefault\u00bb global_colors_info=\u00bb{}\u00bb theme_builder_area=\u00bbpost_content\u00bb][\/et_pb_image][\/et_pb_column][\/et_pb_row][\/et_pb_section]<\/p>","protected":false},"excerpt":{"rendered":"<p>Est\u00e9tica dental Cuando hablamos de est\u00e9tica dental nos referimos a corregir todos aquellos peque\u00f1os defectos en tu sonrisa y la mejor opci\u00f3n es ponerte en manos de los especialistas.En TrueSmileCenter contamos con un equipo de profesionales altamente calificados para ofrecerte la mejor alternativa para que luzcas una sonrisa deslumbrante y recuperes la confianza y autoestima.A [&hellip;]<\/p>","protected":false},"author":2,"featured_media":0,"parent":0,"menu_order":0,"comment_status":"closed","ping_status":"closed","template":"","meta":{"_et_pb_use_builder":"on","_et_pb_old_content":"<!-- wp:divi\/placeholder \/-->","_et_gb_content_width":"","footnotes":""},"class_list":["post-140","page","type-page","status-publish","hentry"],"_links":{"self":[{"href":"https:\/\/truesmilecenter.com\/en\/wp-json\/wp\/v2\/pages\/140","targetHints":{"allow":["GET"]}}],"collection":[{"href":"https:\/\/truesmilecenter.com\/en\/wp-json\/wp\/v2\/pages"}],"about":[{"href":"https:\/\/truesmilecenter.com\/en\/wp-json\/wp\/v2\/types\/page"}],"author":[{"embeddable":true,"href":"https:\/\/truesmilecenter.com\/en\/wp-json\/wp\/v2\/users\/2"}],"replies":[{"embeddable":true,"href":"https:\/\/truesmilecenter.com\/en\/wp-json\/wp\/v2\/comments?post=140"}],"version-history":[{"count":3,"href":"https:\/\/truesmilecenter.com\/en\/wp-json\/wp\/v2\/pages\/140\/revisions"}],"predecessor-version":[{"id":163,"href":"https:\/\/truesmilecenter.com\/en\/wp-json\/wp\/v2\/pages\/140\/revisions\/163"}],"wp:attachment":[{"href":"https:\/\/truesmilecenter.com\/en\/wp-json\/wp\/v2\/media?parent=140"}],"curies":[{"name":"wp","href":"https:\/\/api.w.org\/{rel}","templated":true}]}}