{"id":141,"date":"2023-06-26T04:11:57","date_gmt":"2023-06-26T04:11:57","guid":{"rendered":"https:\/\/truesmilecenter.com\/?page_id=141"},"modified":"2023-06-26T04:20:13","modified_gmt":"2023-06-26T04:20:13","slug":"protesis-dentales","status":"publish","type":"page","link":"https:\/\/truesmilecenter.com\/en\/protesis-dentales\/","title":{"rendered":"The dental prostheses"},"content":{"rendered":"<p>[et_pb_section fb_built=\u00bb1&#8243; _builder_version=\u00bb4.18.0&#8243; _module_preset=\u00bbdefault\u00bb global_colors_info=\u00bb{}\u00bb theme_builder_area=\u00bbpost_content\u00bb][et_pb_row _builder_version=\u00bb4.18.0&#8243; _module_preset=\u00bbdefault\u00bb global_colors_info=\u00bb{}\u00bb theme_builder_area=\u00bbpost_content\u00bb][et_pb_column type=\u00bb4_4&#8243; _builder_version=\u00bb4.18.0&#8243; _module_preset=\u00bbdefault\u00bb global_colors_info=\u00bb{}\u00bb theme_builder_area=\u00bbpost_content\u00bb][et_pb_text _builder_version=\u00bb4.18.0&#8243; _module_preset=\u00bbdefault\u00bb global_colors_info=\u00bb{}\u00bb theme_builder_area=\u00bbpost_content\u00bb]<\/p>\n<h1>Dentures<\/h1>\n<p>[\/et_pb_text][\/et_pb_column][\/et_pb_row][et_pb_row _builder_version=\u00bb4.18.0&#8243; _module_preset=\u00bbdefault\u00bb global_colors_info=\u00bb{}\u00bb theme_builder_area=\u00bbpost_content\u00bb][et_pb_column type=\u00bb4_4&#8243; _builder_version=\u00bb4.18.0&#8243; _module_preset=\u00bbdefault\u00bb global_colors_info=\u00bb{}\u00bb theme_builder_area=\u00bbpost_content\u00bb][et_pb_image src=\u00bbhttps:\/\/truesmilecenter.com\/wp-content\/uploads\/2023\/06\/temporary-denture-and-dental-tools-scaled-1.jpg\u00bb title_text=\u00bbTemporary denture and dental tools.\u00bb _builder_version=\u00bb4.18.0&#8243; _module_preset=\u00bbdefault\u00bb global_colors_info=\u00bb{}\u00bb theme_builder_area=\u00bbpost_content\u00bb][\/et_pb_image][et_pb_text _builder_version=\u00bb4.18.0&#8243; _module_preset=\u00bbdefault\u00bb global_colors_info=\u00bb{}\u00bb theme_builder_area=\u00bbpost_content\u00bb]<\/p>\n<p><strong>The dental prostheses<\/strong> They are attachments, whether removable or fixed, that have the purpose of returning functionality and aesthetics to a patient who has lost teeth.<\/p>\n<p>[\/et_pb_text][\/et_pb_column][\/et_pb_row][et_pb_row _builder_version=\u00bb4.18.0&#8243; _module_preset=\u00bbdefault\u00bb global_colors_info=\u00bb{}\u00bb theme_builder_area=\u00bbpost_content\u00bb][et_pb_column type=\u00bb4_4&#8243; _builder_version=\u00bb4.18.0&#8243; _module_preset=\u00bbdefault\u00bb global_colors_info=\u00bb{}\u00bb theme_builder_area=\u00bbpost_content\u00bb][et_pb_text _builder_version=\u00bb4.18.0&#8243; _module_preset=\u00bbdefault\u00bb global_colors_info=\u00bb{}\u00bb theme_builder_area=\u00bbpost_content\u00bb]<\/p>\n<p>Why are dentures important?<\/p>\n<p>Over the course of life, teeth are lost either due to advanced cavities, periodontal disease or trauma.<\/p>\n<p>In <strong>TRUE SMILE CENTER<\/strong> We are experts in dental aesthetics to help the patient regain their self-confidence, function and aesthetics through any of our dental prosthesis options.<\/p>\n<p>WHAT DENTAL PROSTHESIS TREATMENTS DO WE PERFORM?<\/p>\n<ul>\n<li><strong>Removable prostheses:<\/strong>\u00a0The patient can remove the prostheses whenever they want to clean them.<\/li>\n<li><strong>Fixed prostheses:<\/strong>\u00a0They are more comfortable than removable ones and you do not have to remove them after each meal to clean them.<\/li>\n<li><strong>Bridges:<\/strong>\u00a0The prostheses are attached to the healthy teeth that the patient still has. This gives them firmness.<\/li>\n<li><strong>Onlay and inlay dental veneers:<\/strong>\u00a0restorations that are used to repair teeth that are affected by cavities or that are cracked.<\/li>\n<li><strong>Crowns, metal, metal-free and zirconium:<\/strong>\u00a0They are used to replace large fillings, prevent a weakened tooth from breaking, or repair a broken tooth.<\/li>\n<\/ul>\n<p>We treat each case specifically and individually, carrying out a complete prior study and offering the best alternatives in a personalized way.<\/p>\n<p>[\/et_pb_text][\/et_pb_column][\/et_pb_row][\/et_pb_section]<\/p>","protected":false},"excerpt":{"rendered":"<p>Pr\u00f3tesis dentalesLas pr\u00f3tesis dentales son aditamentos ya sean removibles o fijos que tienen como prop\u00f3sito devolver la funcionalidad y est\u00e9tica a un paciente que ha perdido \u00f3rganos dentarios.\u00bfpor qu\u00e9 son importantes las pr\u00f3tesis dentales? En el transcurso de la vida los dientes se pierden ya sea por caries avanzadas, enfermedad periodontal o traumatismos. En TRUE [&hellip;]<\/p>","protected":false},"author":2,"featured_media":0,"parent":0,"menu_order":0,"comment_status":"closed","ping_status":"closed","template":"","meta":{"_et_pb_use_builder":"on","_et_pb_old_content":"<!-- wp:divi\/placeholder \/-->","_et_gb_content_width":"","footnotes":""},"class_list":["post-141","page","type-page","status-publish","hentry"],"_links":{"self":[{"href":"https:\/\/truesmilecenter.com\/en\/wp-json\/wp\/v2\/pages\/141","targetHints":{"allow":["GET"]}}],"collection":[{"href":"https:\/\/truesmilecenter.com\/en\/wp-json\/wp\/v2\/pages"}],"about":[{"href":"https:\/\/truesmilecenter.com\/en\/wp-json\/wp\/v2\/types\/page"}],"author":[{"embeddable":true,"href":"https:\/\/truesmilecenter.com\/en\/wp-json\/wp\/v2\/users\/2"}],"replies":[{"embeddable":true,"href":"https:\/\/truesmilecenter.com\/en\/wp-json\/wp\/v2\/comments?post=141"}],"version-history":[{"count":3,"href":"https:\/\/truesmilecenter.com\/en\/wp-json\/wp\/v2\/pages\/141\/revisions"}],"predecessor-version":[{"id":165,"href":"https:\/\/truesmilecenter.com\/en\/wp-json\/wp\/v2\/pages\/141\/revisions\/165"}],"wp:attachment":[{"href":"https:\/\/truesmilecenter.com\/en\/wp-json\/wp\/v2\/media?parent=141"}],"curies":[{"name":"wp","href":"https:\/\/api.w.org\/{rel}","templated":true}]}}