{"id":143,"date":"2023-06-26T04:12:34","date_gmt":"2023-06-26T04:12:34","guid":{"rendered":"https:\/\/truesmilecenter.com\/?page_id=143"},"modified":"2023-06-26T04:20:42","modified_gmt":"2023-06-26T04:20:42","slug":"periodoncia","status":"publish","type":"page","link":"https:\/\/truesmilecenter.com\/en\/periodoncia\/","title":{"rendered":"Periodontics"},"content":{"rendered":"<p>[et_pb_section fb_built=\u00bb1&#8243; _builder_version=\u00bb4.18.0&#8243; _module_preset=\u00bbdefault\u00bb global_colors_info=\u00bb{}\u00bb theme_builder_area=\u00bbpost_content\u00bb][et_pb_row _builder_version=\u00bb4.18.0&#8243; _module_preset=\u00bbdefault\u00bb global_colors_info=\u00bb{}\u00bb theme_builder_area=\u00bbpost_content\u00bb][et_pb_column type=\u00bb4_4&#8243; _builder_version=\u00bb4.18.0&#8243; _module_preset=\u00bbdefault\u00bb global_colors_info=\u00bb{}\u00bb theme_builder_area=\u00bbpost_content\u00bb][et_pb_text _builder_version=\u00bb4.18.0&#8243; _module_preset=\u00bbdefault\u00bb global_colors_info=\u00bb{}\u00bb theme_builder_area=\u00bbpost_content\u00bb]<\/p>\n<h1><strong>PERIODONTICS <\/strong><\/h1>\n<p><strong>Because your gums and your bone are also important<\/strong><\/p>\n<p>[\/et_pb_text][\/et_pb_column][\/et_pb_row][et_pb_row _builder_version=\u00bb4.18.0&#8243; _module_preset=\u00bbdefault\u00bb global_colors_info=\u00bb{}\u00bb theme_builder_area=\u00bbpost_content\u00bb][et_pb_column type=\u00bb4_4&#8243; _builder_version=\u00bb4.18.0&#8243; _module_preset=\u00bbdefault\u00bb global_colors_info=\u00bb{}\u00bb theme_builder_area=\u00bbpost_content\u00bb][et_pb_image src=\u00bbhttps:\/\/truesmilecenter.com\/wp-content\/uploads\/2023\/06\/PERIODONCIA-1.jpg\u00bb title_text=\u00bbPERIODONCIA (1)\u00bb align=\u00bbcenter\u00bb _builder_version=\u00bb4.18.0&#8243; _module_preset=\u00bbdefault\u00bb max_height=\u00bb545px\u00bb global_colors_info=\u00bb{}\u00bb theme_builder_area=\u00bbpost_content\u00bb][\/et_pb_image][\/et_pb_column][\/et_pb_row][et_pb_row _builder_version=\u00bb4.18.0&#8243; _module_preset=\u00bbdefault\u00bb global_colors_info=\u00bb{}\u00bb theme_builder_area=\u00bbpost_content\u00bb][et_pb_column type=\u00bb4_4&#8243; _builder_version=\u00bb4.18.0&#8243; _module_preset=\u00bbdefault\u00bb global_colors_info=\u00bb{}\u00bb theme_builder_area=\u00bbpost_content\u00bb][et_pb_text _builder_version=\u00bb4.18.0&#8243; _module_preset=\u00bbdefault\u00bb global_colors_info=\u00bb{}\u00bb theme_builder_area=\u00bbpost_content\u00bb]<\/p>\n<p>It is the specialty of Dentistry that treats <strong>diseases of the insertion periodontium (<\/strong>diseases that affect the tissues that support the teeth), as well as studies the prevention, diagnosis and treatment of these diseases to maintain function and aesthetics.<\/p>\n<p>[\/et_pb_text][et_pb_text _builder_version=\u00bb4.18.0&#8243; _module_preset=\u00bbdefault\u00bb global_colors_info=\u00bb{}\u00bb theme_builder_area=\u00bbpost_content\u00bb]<\/p>\n<p>The most common diseases treated by periodontics are:<\/p>\n<ul>\n<li><span> <\/span>Gingivitis is a generally bacterial oral disease that causes inflammation and bleeding of the gums, caused by food debris that becomes trapped between the teeth.<\/li>\n<li>Periodontitis is a disease that initially presents with gingivitis, and then continues with a loss of collagen insertion, gingival recession and bone loss, if not treated it leaves the tooth without bone support; so the tooth ends up falling out.<\/li>\n<\/ul>\n<p>How should periodontal diseases be treated?<\/p>\n<p>The treatment of periodontal diseases consists of scaling and root polishing, together with antibiotic therapies, chlorhexidine rinses, and gingival or bone tissue grafts according to the patient's needs. Likewise, as raising awareness in improving oral hygiene techniques.<\/p>\n<p>How are periodontal diseases prevented?<\/p>\n<p>To prevent periodontal diseases, you must take the following into account:<\/p>\n<ol>\n<li>Oral hygiene: use correct brushing technique, brush after every meal, use dental floss and alcohol-free mouthwash.<\/li>\n<li>Control appointments: visit your dentist at least every 6 months, if you suffer from systemic diseases, such as diabetes, attend your control appointments every 3 months.<\/li>\n<li>Healthy and balanced diet: try to eat a diet low in sugars and carbohydrates.<\/li>\n<\/ol>\n<p>[\/et_pb_text][\/et_pb_column][\/et_pb_row][\/et_pb_section]<\/p>","protected":false},"excerpt":{"rendered":"<p>PERIODONCIA Porque tus enc\u00edas y tu hueso tambi\u00e9n son importanteEs la especialidad de la Odontolog\u00eda que trata las enfermedades del periodonto de inserci\u00f3n (enfermedades que afectan los tejidos que dan soporte a los dientes), as\u00ed como tambi\u00e9n, estudia la prevenci\u00f3n, diagn\u00f3stico y tratamiento de estas enfermedades para el mantenimiento de la funci\u00f3n y est\u00e9tica.Las enfermedades [&hellip;]<\/p>","protected":false},"author":2,"featured_media":0,"parent":0,"menu_order":0,"comment_status":"closed","ping_status":"closed","template":"","meta":{"_et_pb_use_builder":"on","_et_pb_old_content":"<!-- wp:divi\/placeholder \/-->","_et_gb_content_width":"","footnotes":""},"class_list":["post-143","page","type-page","status-publish","hentry"],"_links":{"self":[{"href":"https:\/\/truesmilecenter.com\/en\/wp-json\/wp\/v2\/pages\/143","targetHints":{"allow":["GET"]}}],"collection":[{"href":"https:\/\/truesmilecenter.com\/en\/wp-json\/wp\/v2\/pages"}],"about":[{"href":"https:\/\/truesmilecenter.com\/en\/wp-json\/wp\/v2\/types\/page"}],"author":[{"embeddable":true,"href":"https:\/\/truesmilecenter.com\/en\/wp-json\/wp\/v2\/users\/2"}],"replies":[{"embeddable":true,"href":"https:\/\/truesmilecenter.com\/en\/wp-json\/wp\/v2\/comments?post=143"}],"version-history":[{"count":3,"href":"https:\/\/truesmilecenter.com\/en\/wp-json\/wp\/v2\/pages\/143\/revisions"}],"predecessor-version":[{"id":168,"href":"https:\/\/truesmilecenter.com\/en\/wp-json\/wp\/v2\/pages\/143\/revisions\/168"}],"wp:attachment":[{"href":"https:\/\/truesmilecenter.com\/en\/wp-json\/wp\/v2\/media?parent=143"}],"curies":[{"name":"wp","href":"https:\/\/api.w.org\/{rel}","templated":true}]}}