{"id":170,"date":"2023-06-26T04:21:45","date_gmt":"2023-06-26T04:21:45","guid":{"rendered":"https:\/\/truesmilecenter.com\/?page_id=170"},"modified":"2023-06-26T04:22:56","modified_gmt":"2023-06-26T04:22:56","slug":"ortodoncia-en-tegucigalpa","status":"publish","type":"page","link":"https:\/\/truesmilecenter.com\/en\/ortodoncia-en-tegucigalpa\/","title":{"rendered":"Ortodoncia en Tegucigalpa"},"content":{"rendered":"<p>[et_pb_section fb_built=\u00bb1&#8243; _builder_version=\u00bb4.18.0&#8243; _module_preset=\u00bbdefault\u00bb global_colors_info=\u00bb{}\u00bb theme_builder_area=\u00bbpost_content\u00bb][et_pb_row _builder_version=\u00bb4.18.0&#8243; _module_preset=\u00bbdefault\u00bb global_colors_info=\u00bb{}\u00bb theme_builder_area=\u00bbpost_content\u00bb][et_pb_column type=\u00bb4_4&#8243; _builder_version=\u00bb4.18.0&#8243; _module_preset=\u00bbdefault\u00bb global_colors_info=\u00bb{}\u00bb theme_builder_area=\u00bbpost_content\u00bb][et_pb_text _builder_version=\u00bb4.18.0&#8243; _module_preset=\u00bbdefault\u00bb global_colors_info=\u00bb{}\u00bb theme_builder_area=\u00bbpost_content\u00bb]<\/p>\n<h1><strong>ORTHODONTICS IN TEGUCIGALPA<\/strong><\/h1>\n<p>be proud of your smile!<\/p>\n<p>In <strong>TRUE SMILE CENTER<\/strong> We have professionals with the necessary skills to be able to take your orthodontic treatment to the highest level of functionality and aesthetics, in addition to the experience that characterizes us; being innovative in advanced treatments.<\/p>\n<p>[\/et_pb_text][\/et_pb_column][\/et_pb_row][et_pb_row _builder_version=\u00bb4.18.0&#8243; _module_preset=\u00bbdefault\u00bb custom_padding=\u00bb55px||55px|||\u00bb global_colors_info=\u00bb{}\u00bb theme_builder_area=\u00bbpost_content\u00bb][et_pb_column type=\u00bb4_4&#8243; _builder_version=\u00bb4.18.0&#8243; _module_preset=\u00bbdefault\u00bb global_colors_info=\u00bb{}\u00bb theme_builder_area=\u00bbpost_content\u00bb][et_pb_image src=\u00bbhttps:\/\/truesmilecenter.com\/wp-content\/uploads\/2023\/06\/ORTODONCIA-1-1.jpg\u00bb title_text=\u00bbORTODONCIA 1&#8243; _builder_version=\u00bb4.18.0&#8243; _module_preset=\u00bbdefault\u00bb global_colors_info=\u00bb{}\u00bb theme_builder_area=\u00bbpost_content\u00bb][\/et_pb_image][\/et_pb_column][\/et_pb_row][et_pb_row _builder_version=\u00bb4.18.0&#8243; _module_preset=\u00bbdefault\u00bb global_colors_info=\u00bb{}\u00bb theme_builder_area=\u00bbpost_content\u00bb][et_pb_column type=\u00bb4_4&#8243; _builder_version=\u00bb4.18.0&#8243; _module_preset=\u00bbdefault\u00bb global_colors_info=\u00bb{}\u00bb theme_builder_area=\u00bbpost_content\u00bb][et_pb_text _builder_version=\u00bb4.18.0&#8243; _module_preset=\u00bbdefault\u00bb global_colors_info=\u00bb{}\u00bb theme_builder_area=\u00bbpost_content\u00bb]<\/p>\n<p>\u00a0What can we correct with orthodontics?<\/p>\n<p>Orthodontics does not only serve to restore aesthetics, but its final objective is to restore the ideal position of the teeth within the dental arches in relation to their bone base, which will consequently prevent the appearance of various oral-maxillo-facial pathologies.<\/p>\n<p>\u00a0Orthodontics also helps us to improve:<\/p>\n<ul>\n<li>Pathologies in the Temporomandibular Joint<\/li>\n<li>Difficulty chewing properly<\/li>\n<li>Bruxism<\/li>\n<\/ul>\n<p>Types of orthodontics in <strong>True Smile Center.<\/strong><\/p>\n<p>In our clinic we offer various types of orthodontics, being at the forefront with the most modern and innovative techniques and types of orthodontics so that our patients can choose the one that best suits them and adapts to their needs.<\/p>\n<ul>\n<li><strong>Conventional Orthodontics<\/strong>:<\/li>\n<\/ul>\n<p>This is metal orthodontics (in most cases), the best known and used by most people.<\/p>\n<p>This type of orthodontics is made up of small Brackets that are placed individually on each tooth that are joined together through a fine metal thread, fixing it with special small elastomers (elastic rubber bands) to be able to advance in the treatment plan.<\/p>\n<p>[\/et_pb_text][\/et_pb_column][\/et_pb_row][et_pb_row _builder_version=\u00bb4.18.0&#8243; _module_preset=\u00bbdefault\u00bb global_colors_info=\u00bb{}\u00bb theme_builder_area=\u00bbpost_content\u00bb][et_pb_column type=\u00bb4_4&#8243; _builder_version=\u00bb4.18.0&#8243; _module_preset=\u00bbdefault\u00bb global_colors_info=\u00bb{}\u00bb theme_builder_area=\u00bbpost_content\u00bb][et_pb_image src=\u00bbhttps:\/\/truesmilecenter.com\/wp-content\/uploads\/2023\/06\/ORTODONCIA-CONVENCIONAL-1.jpg\u00bb title_text=\u00bbORTODONCIA CONVENCIONAL\u00bb align=\u00bbcenter\u00bb _builder_version=\u00bb4.18.0&#8243; _module_preset=\u00bbdefault\u00bb max_height=\u00bb438px\u00bb global_colors_info=\u00bb{}\u00bb theme_builder_area=\u00bbpost_content\u00bb][\/et_pb_image][et_pb_text _builder_version=\u00bb4.18.0&#8243; _module_preset=\u00bbdefault\u00bb global_colors_info=\u00bb{}\u00bb theme_builder_area=\u00bbpost_content\u00bb]<\/p>\n<p>In conventional orthodontics according to the material from which they are made <strong>We can find 3 types of Brackets:<\/strong><\/p>\n<ol>\n<li>Metal brackets<\/li>\n<li>Ceramic Braces<\/li>\n<li>sapphire brackets<\/li>\n<\/ol>\n<p>[\/et_pb_text][\/et_pb_column][\/et_pb_row][et_pb_row _builder_version=\u00bb4.18.0&#8243; _module_preset=\u00bbdefault\u00bb global_colors_info=\u00bb{}\u00bb theme_builder_area=\u00bbpost_content\u00bb][et_pb_column type=\u00bb4_4&#8243; _builder_version=\u00bb4.18.0&#8243; _module_preset=\u00bbdefault\u00bb global_colors_info=\u00bb{}\u00bb theme_builder_area=\u00bbpost_content\u00bb][et_pb_text _builder_version=\u00bb4.18.0&#8243; _module_preset=\u00bbdefault\u00bb global_colors_info=\u00bb{}\u00bb theme_builder_area=\u00bbpost_content\u00bb]<\/p>\n<ul>\n<li><strong>Self-ligating Orthodontics:<\/strong><\/li>\n<\/ul>\n<p>Self-ligating Brackets have a passive self-ligating orthodontic system, that is, they do not need colored elastomers (elastic rubber bands) to adapt and join the arch.<\/p>\n<p>In self-ligating orthodontics, according to the material from which they are made, we can find two types of Brackets:<\/p>\n<ol>\n<li>Metal self-ligating brackets<\/li>\n<li>Damon Clear Braces; These are cosmetic as they are clear or tooth-colored. They are made of transparent ceramic, which does not discolor or stain with the ingestion of foods such as coffee, wine or foods with a lot of coloring.<\/li>\n<\/ol>\n<p>Some of the advantages of Self-ligating orthodontics<\/p>\n<ol>\n<li>Elastomers (colored rubber bands) are not necessary, which gives the advantage of being able to make the visit more frequently, that is, every 2 months or 2 and a half months.<\/li>\n<li>Treatments are slightly faster, since the tension or force on the teeth is permanent<\/li>\n<li>Lighter forces with less tension<\/li>\n<li>Greater comfort for the patient (compared to conventional orthodontics)<\/li>\n<\/ol>\n<p>[\/et_pb_text][et_pb_image src=\u00bbhttps:\/\/truesmilecenter.com\/wp-content\/uploads\/2023\/06\/ORTODONCIA-AUTOLIGADO-1-scaled-1.jpg\u00bb title_text=\u00bbDental braces in happy womans mouths who shows by two fingers on brackets on the teeth after whitening. Self-ligating brackets with metal ties and gray elastics or rubber bands for perfect smile. Orthodontic teeth treatment.\u00bb _builder_version=\u00bb4.18.0&#8243; _module_preset=\u00bbdefault\u00bb global_colors_info=\u00bb{}\u00bb theme_builder_area=\u00bbpost_content\u00bb][\/et_pb_image][\/et_pb_column][\/et_pb_row][et_pb_row _builder_version=\u00bb4.18.0&#8243; _module_preset=\u00bbdefault\u00bb global_colors_info=\u00bb{}\u00bb theme_builder_area=\u00bbpost_content\u00bb][et_pb_column type=\u00bb4_4&#8243; _builder_version=\u00bb4.18.0&#8243; _module_preset=\u00bbdefault\u00bb global_colors_info=\u00bb{}\u00bb theme_builder_area=\u00bbpost_content\u00bb][et_pb_text _builder_version=\u00bb4.18.0&#8243; _module_preset=\u00bbdefault\u00bb global_colors_info=\u00bb{}\u00bb theme_builder_area=\u00bbpost_content\u00bb]<\/p>\n<ul>\n<li><strong>Invisible Orthodontics:<\/strong><\/li>\n<\/ul>\n<p>Invisible orthodontics is perhaps the most aesthetic type of orthodontics that exists to date. It is performed using splints called invisible aligners, custom-made for each patient with a completely transparent material.<\/p>\n<p>These invisible aligners are removable, the patient can remove them when eating.<\/p>\n<p>[\/et_pb_text][et_pb_image src=\u00bbhttps:\/\/truesmilecenter.com\/wp-content\/uploads\/2023\/06\/ORTODONCIA-INVISIBLE-1-scaled-1.jpg\u00bb title_text=\u00bbhand holding transparent retainer\u00bb _builder_version=\u00bb4.18.0&#8243; _module_preset=\u00bbdefault\u00bb global_colors_info=\u00bb{}\u00bb theme_builder_area=\u00bbpost_content\u00bb][\/et_pb_image][\/et_pb_column][\/et_pb_row][\/et_pb_section]<\/p>","protected":false},"excerpt":{"rendered":"<p>ORTODONCIA EN TEGUCIGALPA si\u00e9ntete orgulloso de tu sonrisa! En TRUE SMILE CENTER tenemos profesionales con las competencias necesarias para poder llevar tu tratamiento de ortodoncia al m\u00e1s alto nivel de funcionalidad y est\u00e9tica, adem\u00e1s de la experiencia que nos caracteriza; siendo innovadores en tratamientos avanzados.\u00a0\u00bfQu\u00e9 podemos corregir con la ortodoncia? La ortodoncia no sirve \u00fanicamente [&hellip;]<\/p>","protected":false},"author":2,"featured_media":0,"parent":0,"menu_order":0,"comment_status":"closed","ping_status":"closed","template":"","meta":{"_et_pb_use_builder":"on","_et_pb_old_content":"<!-- wp:divi\/placeholder \/-->","_et_gb_content_width":"","footnotes":""},"class_list":["post-170","page","type-page","status-publish","hentry"],"_links":{"self":[{"href":"https:\/\/truesmilecenter.com\/en\/wp-json\/wp\/v2\/pages\/170","targetHints":{"allow":["GET"]}}],"collection":[{"href":"https:\/\/truesmilecenter.com\/en\/wp-json\/wp\/v2\/pages"}],"about":[{"href":"https:\/\/truesmilecenter.com\/en\/wp-json\/wp\/v2\/types\/page"}],"author":[{"embeddable":true,"href":"https:\/\/truesmilecenter.com\/en\/wp-json\/wp\/v2\/users\/2"}],"replies":[{"embeddable":true,"href":"https:\/\/truesmilecenter.com\/en\/wp-json\/wp\/v2\/comments?post=170"}],"version-history":[{"count":3,"href":"https:\/\/truesmilecenter.com\/en\/wp-json\/wp\/v2\/pages\/170\/revisions"}],"predecessor-version":[{"id":183,"href":"https:\/\/truesmilecenter.com\/en\/wp-json\/wp\/v2\/pages\/170\/revisions\/183"}],"wp:attachment":[{"href":"https:\/\/truesmilecenter.com\/en\/wp-json\/wp\/v2\/media?parent=170"}],"curies":[{"name":"wp","href":"https:\/\/api.w.org\/{rel}","templated":true}]}}