{"id":38,"date":"2023-06-26T01:39:24","date_gmt":"2023-06-26T01:39:24","guid":{"rendered":"https:\/\/truesmilecenter.com\/?page_id=38"},"modified":"2023-06-26T01:42:23","modified_gmt":"2023-06-26T01:42:23","slug":"por-que-elegirnos","status":"publish","type":"page","link":"https:\/\/truesmilecenter.com\/en\/por-que-elegirnos\/","title":{"rendered":"Why choose us?"},"content":{"rendered":"<p>[et_pb_section fb_built=\u00bb1&#8243; admin_label=\u00bbHeader\u00bb _builder_version=\u00bb4.18.0&#8243; background_color=\u00bb#01ded4&#8243; background_enable_image=\u00bboff\u00bb background_size=\u00bbcontain\u00bb custom_margin=\u00bb||||false\u00bb custom_padding=\u00bb0vw||0vw||true|false\u00bb global_colors_info=\u00bb{}\u00bb theme_builder_area=\u00bbpost_content\u00bb][et_pb_row _builder_version=\u00bb4.16&#8243; background_size=\u00bbcontain\u00bb custom_padding=\u00bb||12px|||\u00bb animation_style=\u00bbzoom\u00bb animation_intensity_zoom=\u00bb10%\u00bb global_colors_info=\u00bb{}\u00bb theme_builder_area=\u00bbpost_content\u00bb][et_pb_column type=\u00bb4_4&#8243; _builder_version=\u00bb4.16&#8243; custom_padding=\u00bb|||\u00bb global_colors_info=\u00bb{}\u00bb custom_padding__hover=\u00bb|||\u00bb theme_builder_area=\u00bbpost_content\u00bb][et_pb_text _builder_version=\u00bb4.18.0&#8243; text_font=\u00bb||||||||\u00bb ul_font=\u00bb||||||||\u00bb ol_font=\u00bb||||||||\u00bb header_font=\u00bbMontserrat|500||on|||||\u00bb header_text_color=\u00bb#FFFFFF\u00bb header_font_size=\u00bb18px\u00bb header_letter_spacing=\u00bb5px\u00bb header_line_height=\u00bb1.5em\u00bb header_2_font=\u00bbMerriweather|700|||||||\u00bb header_2_text_color=\u00bb#FFFFFF\u00bb header_2_font_size=\u00bb60px\u00bb header_2_line_height=\u00bb1.4em\u00bb header_3_font=\u00bb||||||||\u00bb header_4_font=\u00bb||||||||\u00bb header_5_font=\u00bb||||||||\u00bb header_6_font=\u00bb||||||||\u00bb text_orientation=\u00bbcenter\u00bb custom_margin=\u00bb||10px|||\u00bb custom_padding=\u00bb11px|||||\u00bb header_font_size_tablet=\u00bb\u00bb header_font_size_phone=\u00bb12px\u00bb header_font_size_last_edited=\u00bbon|desktop\u00bb header_2_font_size_tablet=\u00bb50px\u00bb header_2_font_size_phone=\u00bb30px\u00bb header_2_font_size_last_edited=\u00bbon|desktop\u00bb global_colors_info=\u00bb{}\u00bb theme_builder_area=\u00bbpost_content\u00bb]<\/p>\n<h2>Why choose us?<\/h2>\n<p>[\/et_pb_text][et_pb_text _builder_version=\u00bb4.18.0&#8243; _module_preset=\u00bbdefault\u00bb global_colors_info=\u00bb{}\u00bb theme_builder_area=\u00bbpost_content\u00bb]<\/p>\n<h3 style=\"text-align: center;\"><span style=\"color: #ffffff;\"><strong>Don't miss out on reasons to come see us<\/strong><\/span><\/h3>\n<p>[\/et_pb_text][\/et_pb_column][\/et_pb_row][\/et_pb_section][et_pb_section fb_built=\u00bb1&#8243; prev_background_color=\u00bb#01ded4&#8243; admin_label=\u00bbAbout\u00bb _builder_version=\u00bb4.18.0&#8243; background_color=\u00bb#fafafa\u00bb use_background_color_gradient=\u00bbon\u00bb background_color_gradient_start=\u00bb#fafafa\u00bb background_color_gradient_end=\u00bb#ffffff\u00bb background_enable_image=\u00bboff\u00bb background_size=\u00bbcontain\u00bb background_position=\u00bbbottom_right\u00bb background_blend=\u00bbmultiply\u00bb custom_padding=\u00bb0vw|||||\u00bb top_divider_style=\u00bbwave\u00bb top_divider_height=\u00bb10vw\u00bb top_divider_repeat=\u00bb0.75x\u00bb global_colors_info=\u00bb{}\u00bb theme_builder_area=\u00bbpost_content\u00bb][et_pb_row _builder_version=\u00bb4.18.0&#8243; _module_preset=\u00bbdefault\u00bb global_colors_info=\u00bb{}\u00bb theme_builder_area=\u00bbpost_content\u00bb][et_pb_column type=\u00bb4_4&#8243; _builder_version=\u00bb4.18.0&#8243; _module_preset=\u00bbdefault\u00bb global_colors_info=\u00bb{}\u00bb theme_builder_area=\u00bbpost_content\u00bb][et_pb_accordion closed_toggle_text_color=\u00bb#000000&#8243; closed_toggle_background_color=\u00bb#cccccc\u00bb _builder_version=\u00bb4.18.0&#8243; _module_preset=\u00bbdefault\u00bb custom_margin=\u00bb122px|||||\u00bb global_colors_info=\u00bb{}\u00bb theme_builder_area=\u00bbpost_content\u00bb][et_pb_accordion_item title=\u00bb1.\tNuestro equipo esta conformado por profesionales capacitados \u00bb open=\u00bbon\u00bb _builder_version=\u00bb4.18.0&#8243; _module_preset=\u00bbdefault\u00bb global_colors_info=\u00bb{}\u00bb theme_builder_area=\u00bbpost_content\u00bb]<\/p>\n<p>The group of professionals <span style=\"color: #33cccc;\"><strong>TrueSmileCenter,<\/strong><\/span> It is made up of professionals with extensive knowledge in each of their areas. We are passionate about continuing education and training to provide you with quality care.<\/p>\n<p>[\/et_pb_accordion_item][et_pb_accordion_item title=\u00bb2.\tSomos el primer centro de medicina bucal y maxilofacial \u00bb _builder_version=\u00bb4.18.0&#8243; _module_preset=\u00bbdefault\u00bb global_colors_info=\u00bb{}\u00bb theme_builder_area=\u00bbpost_content\u00bb open=\u00bboff\u00bb]<\/p>\n<p>We integrate our knowledge of medicine and dentistry to diagnose the main consequences of systemic diseases in the oral cavity.<\/p>\n<p>[\/et_pb_accordion_item][et_pb_accordion_item title=\u00bb3.\tTu salud bucal, es nuestra prioridad \u00bb _builder_version=\u00bb4.18.0&#8243; _module_preset=\u00bbdefault\u00bb global_colors_info=\u00bb{}\u00bb theme_builder_area=\u00bbpost_content\u00bb open=\u00bboff\u00bb]<\/p>\n<p>Our main objective is the well-being of our patients. We strive to make our treatments successful and thus satisfy the needs of the people who trust our work.<\/p>\n<p>[\/et_pb_accordion_item][et_pb_accordion_item title=\u00bb4.\tSedaci\u00f3n consciente bajo \u00f3xido nitroso \u00bb _builder_version=\u00bb4.18.0&#8243; _module_preset=\u00bbdefault\u00bb global_colors_info=\u00bb{}\u00bb theme_builder_area=\u00bbpost_content\u00bb open=\u00bboff\u00bb]<\/p>\n<p>Do you feel anxious about coming to the dentist? We recommend sedation with nitrous oxide, better known as \u201claughing gas.\u201d This gas allows you to relax during any dental treatment and be completely conscious in the process.<\/p>\n<p>[\/et_pb_accordion_item][et_pb_accordion_item title=\u00bb5.\tSedaci\u00f3n intravenosa \u00bb _builder_version=\u00bb4.18.0&#8243; _module_preset=\u00bbdefault\u00bb global_colors_info=\u00bb{}\u00bb theme_builder_area=\u00bbpost_content\u00bb open=\u00bboff\u00bb]<\/p>\n<p>Performed by a specialist anesthesiologist, this type of sedation uses controlled intravenous medication, which allows deeper sedation. You will feel as if you had a deep sleep, and when you wake up your dental treatment will be finished.<\/p>\n<p>[\/et_pb_accordion_item][et_pb_accordion_item title=\u00bb6.\tContamos con equipo de \u00faltima tecnolog\u00eda \u00bb _builder_version=\u00bb4.18.0&#8243; _module_preset=\u00bbdefault\u00bb global_colors_info=\u00bb{}\u00bb theme_builder_area=\u00bbpost_content\u00bb open=\u00bboff\u00bb]<\/p>\n<p>We love to facilitate and simplify processes, that is why we are equipped with cutting-edge technology, such as intraoral camera diagnosis, digital x-ray, intraoral scanner and 3D model printing.<\/p>\n<p>[\/et_pb_accordion_item][et_pb_accordion_item title=\u00bb7.\tContamos con profesionales en todas las \u00e1reas \u00bb _builder_version=\u00bb4.18.0&#8243; _module_preset=\u00bbdefault\u00bb global_colors_info=\u00bb{}\u00bb theme_builder_area=\u00bbpost_content\u00bb open=\u00bboff\u00bb]<\/p>\n<p>We work with the best specialists in all dental areas, to offer you a complete diagnosis and comprehensive treatments.<\/p>\n<p>[\/et_pb_accordion_item][et_pb_accordion_item title=\u00bb8.\tEnfoque preventivo-conservador \u00bb _builder_version=\u00bb4.18.0&#8243; _module_preset=\u00bbdefault\u00bb global_colors_info=\u00bb{}\u00bb theme_builder_area=\u00bbpost_content\u00bb open=\u00bboff\u00bb]<\/p>\n<p>We like to reinforce our patients' oral health knowledge and we believe in second chances, which is why we prefer to recover and rehabilitate teeth taking into account the necessary parameters to provide treatments with a favorable prognosis.<\/p>\n<p>[\/et_pb_accordion_item][et_pb_accordion_item title=\u00bb9.\tHacemos de tu visita m\u00e1s agradable\u00bb _builder_version=\u00bb4.18.0&#8243; _module_preset=\u00bbdefault\u00bb global_colors_info=\u00bb{}\u00bb theme_builder_area=\u00bbpost_content\u00bb open=\u00bboff\u00bb]<\/p>\n<ul>\n<li>Our clinic has air fresheners to help you relax through aromatherapy<\/li>\n<li>You have coffee, snacks and purified water at your disposal<\/li>\n<li>You will always go home with aftercare care kits courtesy of our clinic.<\/li>\n<li>Our clinic is fully illuminated and modern<\/li>\n<\/ul>\n<p>[\/et_pb_accordion_item][et_pb_accordion_item title=\u00bb10.\tEstamos pendiente de ti\u00bb _builder_version=\u00bb4.18.0&#8243; _module_preset=\u00bbdefault\u00bb global_colors_info=\u00bb{}\u00bb theme_builder_area=\u00bbpost_content\u00bb open=\u00bboff\u00bb]<\/p>\n<p>We always follow up after treatment, we call and write to you to monitor your progress.<\/p>\n<p>[\/et_pb_accordion_item][et_pb_accordion_item title=\u00bb11.\tRealizamos TELEMEDICINA\u00bb _builder_version=\u00bb4.18.0&#8243; _module_preset=\u00bbdefault\u00bb global_colors_info=\u00bb{}\u00bb theme_builder_area=\u00bbpost_content\u00bb open=\u00bboff\u00bb]<\/p>\n<p>We carry out virtual consultations to clarify any doubts you may have regarding your treatment of interest.<\/p>\n<ul>\n<li>We show you photographs or videos of our previous patients so we can show you our results<\/li>\n<li>We can accompany you in your pre-treatment process, send orders for complementary tests to arrive with everything you need for your appointment according to the scheduled day.<\/li>\n<\/ul>\n<p>[\/et_pb_accordion_item][et_pb_accordion_item title=\u00bb12.\tRealizamos esterilizaci\u00f3n de nuestro equipo\u00bb _builder_version=\u00bb4.18.0&#8243; _module_preset=\u00bbdefault\u00bb global_colors_info=\u00bb{}\u00bb theme_builder_area=\u00bbpost_content\u00bb open=\u00bboff\u00bb]<\/p>\n<ul>\n<li>We have the highest biosafety standards, our sterilization equipment is modern and we comply step by step with the protocols according to the WHO for sterilization of materials.<\/li>\n<li>We carry out specific disinfection protocols for the dental units or chairs that each patient enters.<\/li>\n<li>We comply with the necessary time to be able to disinfect each cubicle between each patient, placing special disinfection substances on each surface<\/li>\n<li>We dispose of our sharps waste in special containers.<\/li>\n<\/ul>\n<p>[\/et_pb_accordion_item][et_pb_accordion_item title=\u00bb13.\tDise\u00f1amos tu sonrisa\u00bb _builder_version=\u00bb4.18.0&#8243; _module_preset=\u00bbdefault\u00bb global_colors_info=\u00bb{}\u00bb theme_builder_area=\u00bbpost_content\u00bb open=\u00bboff\u00bb]<\/p>\n<p>We can help you achieve your dream smile, we can change the size, shape and color of your teeth.<\/p>\n<p>We make smile designs, initially we make a design of your smile temporarily, on your teeth so that you can analyze its new shape and see details that you would like to change, to be able to design your new teeth definitively.<\/p>\n<p>We take photographs, models and measurements to analyze possible changes, and thus be able to reach a definitive design.<\/p>\n<p>[\/et_pb_accordion_item][et_pb_accordion_item title=\u00bb14.\tOrtodoncia de baja fricci\u00f3n \u00bb _builder_version=\u00bb4.18.0&#8243; _module_preset=\u00bbdefault\u00bb global_colors_info=\u00bb{}\u00bb theme_builder_area=\u00bbpost_content\u00bb open=\u00bboff\u00bb]<\/p>\n<p>With self-ligating orthodontics, better control of the forces on the tooth surfaces is achieved, thus obtaining faster results and with less discomfort. With this type of orthodontics it is possible to reduce the time of Brackets in your mouth by approximately 6 months compared to conventional orthodontics.<\/p>\n<p>[\/et_pb_accordion_item][et_pb_accordion_item title=\u00bb15.\tUtilizamos materiales de alta calidad \u00bb _builder_version=\u00bb4.18.0&#8243; _module_preset=\u00bbdefault\u00bb global_colors_info=\u00bb{}\u00bb theme_builder_area=\u00bbpost_content\u00bb open=\u00bboff\u00bb]<\/p>\n<p>We use high-quality, highly biocompatible materials, with the aim of returning function and aesthetics to your smile.<\/p>\n<p>[\/et_pb_accordion_item][et_pb_accordion_item title=\u00bb16.\tRealizamos tratamientos con t\u00e9cnicas actualizadas \u00bb _builder_version=\u00bb4.18.0&#8243; _module_preset=\u00bbdefault\u00bb global_colors_info=\u00bb{}\u00bb theme_builder_area=\u00bbpost_content\u00bb open=\u00bboff\u00bb]<\/p>\n<p>In <span style=\"color: #33cccc;\"><strong>TrueSmileCenter,<\/strong><\/span> We use the most modern and advanced techniques.<\/p>\n<p>[\/et_pb_accordion_item][et_pb_accordion_item title=\u00bb17.\tInstalaciones amplias con un ambiente agradable \u00bb _builder_version=\u00bb4.18.0&#8243; _module_preset=\u00bbdefault\u00bb global_colors_info=\u00bb{}\u00bb theme_builder_area=\u00bbpost_content\u00bb open=\u00bboff\u00bb]<\/p>\n<p>We invite you to visit our facilities, we will play your favorite music, the movie or series of the moment, so you can be relaxed when undergoing any dental treatment.<\/p>\n<p>[\/et_pb_accordion_item][et_pb_accordion_item title=\u00bb18.\tHorarios de atenci\u00f3n accesibles \u00bb _builder_version=\u00bb4.18.0&#8243; _module_preset=\u00bbdefault\u00bb global_colors_info=\u00bb{}\u00bb theme_builder_area=\u00bbpost_content\u00bb open=\u00bboff\u00bb]<\/p>\n<p>We are open from Monday to Saturday from 9am to 7pm, with this ease of service you can attend your appointment regardless of whether you study or work.<\/p>\n<p>[\/et_pb_accordion_item][et_pb_accordion_item title=\u00bb19.\tUbicaci\u00f3n con amplio estacionamiento y seguridad 24\/7&#8243; _builder_version=\u00bb4.18.0&#8243; _module_preset=\u00bbdefault\u00bb global_colors_info=\u00bb{}\u00bb theme_builder_area=\u00bbpost_content\u00bb open=\u00bboff\u00bb]<\/p>\n<p>We are located in one of the most exclusive areas of the city, you will not have to worry about parking or the safety of your car. We have security personnel every day of the week.<\/p>\n<p>Have a Valet parking team that will help you and make your life easier, your car will be in safe hands.<\/p>\n<p>[\/et_pb_accordion_item][et_pb_accordion_item title=\u00bb20.\tAtenci\u00f3n para toda la familia \u00bb _builder_version=\u00bb4.18.0&#8243; _module_preset=\u00bbdefault\u00bb global_colors_info=\u00bb{}\u00bb theme_builder_area=\u00bbpost_content\u00bb open=\u00bboff\u00bb]<\/p>\n<p>We provide care for the smallest to the largest in the family.<\/p>\n<p>[\/et_pb_accordion_item][et_pb_accordion_item title=\u00bb21.\tVariedad de m\u00e9todos y facilidades de pago \u00bb _builder_version=\u00bb4.18.0&#8243; _module_preset=\u00bbdefault\u00bb global_colors_info=\u00bb{}\u00bb theme_builder_area=\u00bbpost_content\u00bb open=\u00bboff\u00bb]<\/p>\n<p>We have extra-financing with credit cards and payment with cash, electronic transfer, debit and credit cards.<\/p>\n<p>[\/et_pb_accordion_item][\/et_pb_accordion][\/et_pb_column][\/et_pb_row][\/et_pb_section][et_pb_section fb_built=\u00bb1&#8243; admin_label=\u00bbFooter\u00bb _builder_version=\u00bb4.18.0&#8243; background_color=\u00bb#f9f9f4&#8243; use_background_color_gradient=\u00bbon\u00bb background_color_gradient_start=\u00bb#f9f9f4&#8243; background_color_gradient_end=\u00bb#ffffff\u00bb background_color_gradient_type=\u00bbcircular\u00bb background_color_gradient_start_position=\u00bb80%\u00bb background_enable_image=\u00bboff\u00bb background_size=\u00bbcontain\u00bb background_position=\u00bbtop_center\u00bb max_width=\u00bb1347px\u00bb module_alignment=\u00bbcenter\u00bb custom_margin=\u00bb0px||0px||true|false\u00bb custom_padding=\u00bb|0px||0px|false|true\u00bb animation_style=\u00bbflip\u00bb box_shadow_style=\u00bbpreset1&#8243; saved_tabs=\u00bball\u00bb locked=\u00bboff\u00bb global_colors_info=\u00bb{}\u00bb theme_builder_area=\u00bbpost_content\u00bb][et_pb_row _builder_version=\u00bb4.16&#8243; custom_padding=\u00bb30px||30px||true\u00bb global_colors_info=\u00bb{}\u00bb theme_builder_area=\u00bbpost_content\u00bb][et_pb_column type=\u00bb4_4&#8243; _builder_version=\u00bb4.16&#8243; custom_padding=\u00bb|||\u00bb global_colors_info=\u00bb{}\u00bb custom_padding__hover=\u00bb|||\u00bb theme_builder_area=\u00bbpost_content\u00bb][et_pb_text _builder_version=\u00bb4.18.0&#8243; text_font=\u00bb||||||||\u00bb text_line_height=\u00bb2em\u00bb header_font=\u00bb||||||||\u00bb header_3_font=\u00bbMerriweather|700|||||||\u00bb header_3_font_size=\u00bb30px\u00bb header_3_line_height=\u00bb1.6em\u00bb header_4_font=\u00bbMerriweather|700|||||||\u00bb header_4_text_color=\u00bb#15c39a\u00bb header_4_line_height=\u00bb1.8em\u00bb text_orientation=\u00bbcenter\u00bb max_width=\u00bb500px\u00bb module_alignment=\u00bbcenter\u00bb header_3_font_size_tablet=\u00bb\u00bb header_3_font_size_phone=\u00bb16px\u00bb header_3_font_size_last_edited=\u00bbon|desktop\u00bb header_4_font_size_tablet=\u00bb\u00bb header_4_font_size_phone=\u00bb14px\u00bb header_4_font_size_last_edited=\u00bbon|phone\u00bb locked=\u00bboff\u00bb global_colors_info=\u00bb{}\u00bb theme_builder_area=\u00bbpost_content\u00bb]<\/p>\n<h3><span style=\"color: #33cccc;\">True Smile Center<\/span><\/h3>\n<p>We are the first oral and maxillofacial medicine center<\/p>\n<p>[\/et_pb_text][\/et_pb_column][\/et_pb_row][et_pb_row column_structure=\u00bb1_3,1_3,1_3&#8243; use_custom_gutter=\u00bbon\u00bb gutter_width=\u00bb2&#8243; _builder_version=\u00bb4.16&#8243; custom_padding=\u00bb30px||30px||true\u00bb global_colors_info=\u00bb{}\u00bb theme_builder_area=\u00bbpost_content\u00bb][et_pb_column type=\u00bb1_3&#8243; _builder_version=\u00bb4.16&#8243; custom_padding=\u00bb|||\u00bb global_colors_info=\u00bb{}\u00bb custom_padding__hover=\u00bb|||\u00bb theme_builder_area=\u00bbpost_content\u00bb][et_pb_blurb title=\u00bbEmail\u00bb use_icon=\u00bbon\u00bb font_icon=\u00bb&#xe076;||divi||400&#8243; icon_color=\u00bb#ffffff\u00bb image_icon_background_color=\u00bb#f5ba6a\u00bb icon_placement=\u00bbleft\u00bb image_icon_width=\u00bb16px\u00bb content_max_width=\u00bb300px\u00bb _builder_version=\u00bb4.18.0&#8243; header_level=\u00bbh5&#8243; header_font=\u00bb|700||on|||||\u00bb header_text_color=\u00bb#000000&#8243; header_font_size=\u00bb11px\u00bb header_letter_spacing=\u00bb1px\u00bb header_line_height=\u00bb2em\u00bb body_font_size=\u00bb12px\u00bb body_line_height=\u00bb1.6em\u00bb image_icon_custom_padding=\u00bb8px|8px|8px|8px|false|false\u00bb custom_padding=\u00bb|||\u00bb animation=\u00bboff\u00bb border_radii=\u00bbon|10px|10px|10px|10px\u00bb border_radii_image=\u00bbon|100%|100%|100%|100%\u00bb use_circle=\u00bbon\u00bb circle_color=\u00bb#f5ba6a\u00bb locked=\u00bboff\u00bb global_colors_info=\u00bb{}\u00bb image_icon_background_color__sticky_enabled=\u00bb#7EBEC5&#8243; image_icon_background_color__sticky=\u00bb#7EBEC5&#8243; theme_builder_area=\u00bbpost_content\u00bb]<\/p>\n<p>info@truesmilecenter.com<\/p>\n<p>[\/et_pb_blurb][\/et_pb_column][et_pb_column type=\u00bb1_3&#8243; _builder_version=\u00bb4.16&#8243; custom_padding=\u00bb|||\u00bb global_colors_info=\u00bb{}\u00bb custom_padding__hover=\u00bb|||\u00bb theme_builder_area=\u00bbpost_content\u00bb][et_pb_blurb title=\u00bbTel\u00e9fono\u00bb use_icon=\u00bbon\u00bb font_icon=\u00bb&#xe090;||divi||400&#8243; icon_color=\u00bb#ffffff\u00bb image_icon_background_color=\u00bb#cc6b59&#8243; icon_placement=\u00bbleft\u00bb image_icon_width=\u00bb16px\u00bb content_max_width=\u00bb300px\u00bb _builder_version=\u00bb4.18.0&#8243; header_level=\u00bbh5&#8243; header_font=\u00bb|700||on|||||\u00bb header_text_color=\u00bb#000000&#8243; header_font_size=\u00bb11px\u00bb header_letter_spacing=\u00bb1px\u00bb header_line_height=\u00bb2em\u00bb body_font_size=\u00bb12px\u00bb body_line_height=\u00bb1.6em\u00bb image_icon_custom_padding=\u00bb8px|8px|8px|8px|false|false\u00bb custom_padding=\u00bb|||\u00bb animation=\u00bboff\u00bb border_radii=\u00bbon|10px|10px|10px|10px\u00bb border_radii_image=\u00bbon|100%|100%|100%|100%\u00bb use_circle=\u00bbon\u00bb circle_color=\u00bb#cc6b59&#8243; locked=\u00bboff\u00bb global_colors_info=\u00bb{}\u00bb image_icon_background_color__sticky_enabled=\u00bb#7EBEC5&#8243; image_icon_background_color__sticky=\u00bb#7EBEC5&#8243; theme_builder_area=\u00bbpost_content\u00bb]<\/p>\n<p>+504 9585 3056<\/p>\n<p>[\/et_pb_blurb][\/et_pb_column][et_pb_column type=\u00bb1_3&#8243; _builder_version=\u00bb4.16&#8243; custom_padding=\u00bb|||\u00bb global_colors_info=\u00bb{}\u00bb custom_padding__hover=\u00bb|||\u00bb theme_builder_area=\u00bbpost_content\u00bb][et_pb_blurb title=\u00bbVis\u00edtanos\u00bb use_icon=\u00bbon\u00bb font_icon=\u00bb&#xe081;||divi||400&#8243; icon_color=\u00bb#ffffff\u00bb image_icon_background_color=\u00bb#15c39a\u00bb icon_placement=\u00bbleft\u00bb image_icon_width=\u00bb16px\u00bb content_max_width=\u00bb300px\u00bb _builder_version=\u00bb4.18.0&#8243; header_level=\u00bbh5&#8243; header_font=\u00bb|700||on|||||\u00bb header_text_color=\u00bb#000000&#8243; header_font_size=\u00bb11px\u00bb header_letter_spacing=\u00bb1px\u00bb header_line_height=\u00bb2em\u00bb body_font_size=\u00bb12px\u00bb body_line_height=\u00bb1.6em\u00bb image_icon_custom_padding=\u00bb8px|8px|8px|8px|false|false\u00bb custom_padding=\u00bb|||\u00bb animation=\u00bboff\u00bb border_radii=\u00bbon|10px|10px|10px|10px\u00bb border_radii_image=\u00bbon|100%|100%|100%|100%\u00bb use_circle=\u00bbon\u00bb circle_color=\u00bb#15c39a\u00bb locked=\u00bboff\u00bb global_colors_info=\u00bb{}\u00bb image_icon_background_color__sticky_enabled=\u00bb#7EBEC5&#8243; image_icon_background_color__sticky=\u00bb#7EBEC5&#8243; theme_builder_area=\u00bbpost_content\u00bb]<\/p>\n<p>Plaza Cipreses, Lomas del Guijarro, in front of Torre Nivo<\/p>\n<p>[\/et_pb_blurb][\/et_pb_column][\/et_pb_row][et_pb_row _builder_version=\u00bb4.16&#8243; custom_padding=\u00bb30px||30px||true\u00bb locked=\u00bboff\u00bb global_colors_info=\u00bb{}\u00bb theme_builder_area=\u00bbpost_content\u00bb][et_pb_column type=\u00bb4_4&#8243; _builder_version=\u00bb4.16&#8243; custom_padding=\u00bb|||\u00bb global_colors_info=\u00bb{}\u00bb custom_padding__hover=\u00bb|||\u00bb theme_builder_area=\u00bbpost_content\u00bb][et_pb_button button_url=\u00bbhttps:\/\/b9d95525a0345833a3facaf742dccb4c61ffbd04.agenda.softwaredentalink.com\/agendas\/agendamiento\u00bb button_text=\u00bbAgenda tu cita\u00bb button_alignment=\u00bbcenter\u00bb _builder_version=\u00bb4.18.0&#8243; custom_button=\u00bbon\u00bb button_text_size=\u00bb13px\u00bb button_text_color=\u00bb#ffffff\u00bb button_bg_color=\u00bb#15c39a\u00bb button_border_width=\u00bb0px\u00bb button_border_color=\u00bbrgba(0,0,0,0)\u00bb button_border_radius=\u00bb100px\u00bb button_letter_spacing=\u00bb2px\u00bb button_font=\u00bbMontserrat|500||on|||||\u00bb button_use_icon=\u00bboff\u00bb custom_margin=\u00bb|||\u00bb custom_padding=\u00bb16px|30px|16px|30px|true|true\u00bb box_shadow_style=\u00bbpreset1&#8243; box_shadow_vertical=\u00bb10px\u00bb box_shadow_blur=\u00bb20px\u00bb box_shadow_color=\u00bbrgba(21,195,154,0.3)\u00bb button_letter_spacing_hover=\u00bb2px\u00bb locked=\u00bboff\u00bb global_colors_info=\u00bb{}\u00bb button_text_size__hover_enabled=\u00bboff\u00bb button_one_text_size__hover_enabled=\u00bboff\u00bb button_two_text_size__hover_enabled=\u00bboff\u00bb button_text_color__hover_enabled=\u00bboff\u00bb button_one_text_color__hover_enabled=\u00bboff\u00bb button_two_text_color__hover_enabled=\u00bboff\u00bb button_border_width__hover_enabled=\u00bboff\u00bb button_one_border_width__hover_enabled=\u00bboff\u00bb button_two_border_width__hover_enabled=\u00bboff\u00bb button_border_color__hover_enabled=\u00bboff\u00bb button_one_border_color__hover_enabled=\u00bboff\u00bb button_two_border_color__hover_enabled=\u00bboff\u00bb button_border_radius__hover_enabled=\u00bboff\u00bb button_one_border_radius__hover_enabled=\u00bboff\u00bb button_two_border_radius__hover_enabled=\u00bboff\u00bb button_letter_spacing__hover_enabled=\u00bbon\u00bb button_letter_spacing__hover=\u00bb2px\u00bb button_one_letter_spacing__hover_enabled=\u00bboff\u00bb button_two_letter_spacing__hover_enabled=\u00bboff\u00bb button_bg_color__hover_enabled=\u00bboff\u00bb button_one_bg_color__hover_enabled=\u00bboff\u00bb button_two_bg_color__hover_enabled=\u00bboff\u00bb theme_builder_area=\u00bbpost_content\u00bb][\/et_pb_button][\/et_pb_column][\/et_pb_row][\/et_pb_section]<\/p>","protected":false},"excerpt":{"rendered":"<p>\u00bfPor qu\u00e9 elegirnos?Que no te falten motivos para venir a vernosEl grupo de profesionales de TrueSmileCenter, se encuentra constituido por profesionales con amplio conocimiento en cada una de sus \u00e1reas. Somos apasionados de la educaci\u00f3n y capacitaci\u00f3n continua para poder brindarte una atenci\u00f3n de calidad.Integramos nuestros conocimientos la medicina y la odontolog\u00eda para diagnosticar las [&hellip;]<\/p>","protected":false},"author":2,"featured_media":0,"parent":0,"menu_order":0,"comment_status":"closed","ping_status":"closed","template":"","meta":{"_et_pb_use_builder":"on","_et_pb_old_content":"<!-- wp:divi\/placeholder \/-->","_et_gb_content_width":"","footnotes":""},"class_list":["post-38","page","type-page","status-publish","hentry"],"_links":{"self":[{"href":"https:\/\/truesmilecenter.com\/en\/wp-json\/wp\/v2\/pages\/38","targetHints":{"allow":["GET"]}}],"collection":[{"href":"https:\/\/truesmilecenter.com\/en\/wp-json\/wp\/v2\/pages"}],"about":[{"href":"https:\/\/truesmilecenter.com\/en\/wp-json\/wp\/v2\/types\/page"}],"author":[{"embeddable":true,"href":"https:\/\/truesmilecenter.com\/en\/wp-json\/wp\/v2\/users\/2"}],"replies":[{"embeddable":true,"href":"https:\/\/truesmilecenter.com\/en\/wp-json\/wp\/v2\/comments?post=38"}],"version-history":[{"count":3,"href":"https:\/\/truesmilecenter.com\/en\/wp-json\/wp\/v2\/pages\/38\/revisions"}],"predecessor-version":[{"id":52,"href":"https:\/\/truesmilecenter.com\/en\/wp-json\/wp\/v2\/pages\/38\/revisions\/52"}],"wp:attachment":[{"href":"https:\/\/truesmilecenter.com\/en\/wp-json\/wp\/v2\/media?parent=38"}],"curies":[{"name":"wp","href":"https:\/\/api.w.org\/{rel}","templated":true}]}}